{"id":156682,"date":"2025-12-16T14:00:16","date_gmt":"2025-12-16T14:00:16","guid":{"rendered":"https:\/\/lighthouselocarno.ch\/prodotto\/bougie-parfumee-christmas-mada-essenza-500g-80h\/"},"modified":"2025-12-16T14:00:16","modified_gmt":"2025-12-16T14:00:16","slug":"bougie-parfumee-christmas-mada-essenza-500g-80h","status":"publish","type":"product","link":"https:\/\/lighthouselocarno.ch\/fr\/produit\/bougie-parfumee-christmas-mada-essenza-500g-80h\/","title":{"rendered":"Bougie Parfum\u00e9e Christmas \u2013 MADA Essenza (500g, 80h)"},"content":{"rendered":"<p data-start=\"557\" data-end=\"726\">No\u00ebl prend forme et parfum avec la <strong data-start=\"597\" data-end=\"623\">Bougie MADA Christmas<\/strong>, une \u00e9dition sp\u00e9ciale sign\u00e9e <strong data-start=\"654\" data-end=\"670\">MADA Essenza<\/strong>, cr\u00e9\u00e9e pour c\u00e9l\u00e9brer l&rsquo;atmosph\u00e8re la plus magique de l&rsquo;ann\u00e9e.<\/p>\n<p data-start=\"728\" data-end=\"1035\">Coul\u00e9e \u00e0 la main en Suisse avec de la <strong data-start=\"759\" data-end=\"792\">cire 100% naturelle et v\u00e9g\u00e9tale<\/strong>, cette bougie d\u00e9gage un parfum <strong data-start=\"833\" data-end=\"862\">intense, doux et \u00e9pic\u00e9<\/strong>, capable d&rsquo;\u00e9voquer souvenirs, chaleur et convivialit\u00e9. La <strong data-start=\"917\" data-end=\"938\">m\u00e8che en bois<\/strong> accompagne la combustion d&rsquo;un d\u00e9licat cr\u00e9pitement, rendant l&rsquo;exp\u00e9rience encore plus enveloppante. <\/p>\n<h3 data-start=\"1037\" data-end=\"1056\">\ud83c\udf1f Parfum<\/h3>\n<ul data-start=\"1057\" data-end=\"1176\">\n<li data-start=\"1057\" data-end=\"1108\">\n<p data-start=\"1059\" data-end=\"1108\"><strong data-start=\"1059\" data-end=\"1076\">Notes de t\u00eate<\/strong> : Cannelle, Clou de girofle<\/p>\n<\/li>\n<li data-start=\"1109\" data-end=\"1136\">\n<p data-start=\"1111\" data-end=\"1136\"><strong data-start=\"1111\" data-end=\"1128\">Notes de c\u0153ur<\/strong> : Pomme<\/p>\n<\/li>\n<li data-start=\"1137\" data-end=\"1176\">\n<p data-start=\"1139\" data-end=\"1176\"><strong data-start=\"1139\" data-end=\"1156\">Notes de fond<\/strong> : Vanille, \u00c9pices<\/p>\n<\/li>\n<\/ul>\n<p data-start=\"1178\" data-end=\"1339\">Un parfum iconique qui renferme toutes les nuances de No\u00ebl, id\u00e9al pour cr\u00e9er une atmosph\u00e8re chaleureuse et festive \u00e0 la maison ou comme <strong data-start=\"1313\" data-end=\"1338\">id\u00e9e cadeau exclusive<\/strong>.<\/p>\n<hr data-start=\"1341\" data-end=\"1344\">\n<h3 data-start=\"1346\" data-end=\"1380\">\ud83d\udd6f\ufe0f Caract\u00e9ristiques principales<\/h3>\n<ul data-start=\"1381\" data-end=\"1737\">\n<li data-start=\"1381\" data-end=\"1445\">\n<p data-start=\"1383\" data-end=\"1445\"><strong data-start=\"1383\" data-end=\"1445\">\u00c9dition limit\u00e9e \u2013 disponible uniquement pendant la p\u00e9riode de No\u00ebl<\/strong><\/p>\n<\/li>\n<li data-start=\"1446\" data-end=\"1481\">\n<p data-start=\"1448\" data-end=\"1481\">Cire <strong data-start=\"1453\" data-end=\"1481\">100% v\u00e9g\u00e9tale et naturelle<\/strong><\/p>\n<\/li>\n<li data-start=\"1482\" data-end=\"1514\">\n<p data-start=\"1484\" data-end=\"1514\"><strong data-start=\"1484\" data-end=\"1514\">Coul\u00e9e \u00e0 la main en Suisse<\/strong><\/p>\n<\/li>\n<li data-start=\"1515\" data-end=\"1578\">\n<p data-start=\"1517\" data-end=\"1578\"><strong data-start=\"1517\" data-end=\"1538\">M\u00e8che en bois<\/strong> pour une combustion propre et relaxante<\/p>\n<\/li>\n<li data-start=\"1579\" data-end=\"1612\">\n<p data-start=\"1581\" data-end=\"1612\">Plus de <strong data-start=\"1587\" data-end=\"1612\">80 heures de combustion<\/strong><\/p>\n<\/li>\n<li data-start=\"1613\" data-end=\"1666\">\n<p data-start=\"1615\" data-end=\"1666\">Fragrances de luxe, sans phtalates ni substances nocives<\/p>\n<\/li>\n<li data-start=\"1667\" data-end=\"1706\">\n<p data-start=\"1669\" data-end=\"1706\"><strong data-start=\"1669\" data-end=\"1687\">Vegan friendly<\/strong> &amp; <strong data-start=\"1690\" data-end=\"1706\">cruelty free<\/strong><\/p>\n<\/li>\n<li data-start=\"1707\" data-end=\"1737\">\n<p data-start=\"1709\" data-end=\"1737\">Design \u00e9l\u00e9gant et raffin\u00e9<\/p>\n<\/li>\n<\/ul>\n","protected":false},"excerpt":{"rendered":"<p data-start=\"306\" data-end=\"502\">Bougie de No\u00ebl artisanale au parfum doux et \u00e9pic\u00e9 avec notes de cannelle, pomme et vanille. Cire v\u00e9g\u00e9tale 100%, m\u00e8che en bois, plus de 80 heures de combustion.  <strong data-start=\"472\" data-end=\"502\">Disponible uniquement \u00e0 No\u00ebl.<\/strong><\/p>\n","protected":false},"featured_media":156683,"template":"","meta":{"_seopress_robots_primary_cat":"","_seopress_titles_title":"Bougie Christmas MADA Essenza \u2013 Parfum de No\u00ebl 500g","_seopress_titles_desc":"Bougie de No\u00ebl MADA Christmas aux notes de cannelle, pomme et vanille. Cire v\u00e9g\u00e9tale 100%, m\u00e8che en bois, 80h. \u00c9dition limit\u00e9e.  ","_seopress_robots_index":""},"product_brand":[9367],"product_cat":[4268,7125],"product_tag":[9520,9519,4306,9524,9522,9390,9523,9392,9391,9393,9521,9396,9397],"class_list":{"0":"post-156682","1":"product","2":"type-product","3":"status-publish","4":"has-post-thumbnail","6":"product_brand-mada-essenza","7":"product_cat-bougies","8":"product_cat-bougies-fr","9":"product_tag-bougie-christmas","10":"product_tag-bougie-de-noel","11":"product_tag-bougies-artisanales","12":"product_tag-cadeau-de-noel-2","13":"product_tag-cannelle-et-vanille","14":"product_tag-cire-vegetale","15":"product_tag-edition-limitee","16":"product_tag-fabrique-en-suisse","17":"product_tag-mada-essenza","18":"product_tag-meche-en-bois","19":"product_tag-parfum-de-noel","20":"product_tag-sans-cruaute","21":"product_tag-vegan","23":"first","24":"instock","25":"shipping-taxable","26":"purchasable","27":"product-type-simple"},"jetpack_sharing_enabled":true,"_links":{"self":[{"href":"https:\/\/lighthouselocarno.ch\/fr\/wp-json\/wp\/v2\/product\/156682","targetHints":{"allow":["GET"]}}],"collection":[{"href":"https:\/\/lighthouselocarno.ch\/fr\/wp-json\/wp\/v2\/product"}],"about":[{"href":"https:\/\/lighthouselocarno.ch\/fr\/wp-json\/wp\/v2\/types\/product"}],"wp:featuredmedia":[{"embeddable":true,"href":"https:\/\/lighthouselocarno.ch\/fr\/wp-json\/wp\/v2\/media\/156683"}],"wp:attachment":[{"href":"https:\/\/lighthouselocarno.ch\/fr\/wp-json\/wp\/v2\/media?parent=156682"}],"wp:term":[{"taxonomy":"product_brand","embeddable":true,"href":"https:\/\/lighthouselocarno.ch\/fr\/wp-json\/wp\/v2\/product_brand?post=156682"},{"taxonomy":"product_cat","embeddable":true,"href":"https:\/\/lighthouselocarno.ch\/fr\/wp-json\/wp\/v2\/product_cat?post=156682"},{"taxonomy":"product_tag","embeddable":true,"href":"https:\/\/lighthouselocarno.ch\/fr\/wp-json\/wp\/v2\/product_tag?post=156682"}],"curies":[{"name":"wp","href":"https:\/\/api.w.org\/{rel}","templated":true}]}}