{"id":156700,"date":"2025-12-16T14:02:31","date_gmt":"2025-12-16T14:02:31","guid":{"rendered":"https:\/\/lighthouselocarno.ch\/prodotto\/bougie-parfumee-blossom-mada-essenza-collection-maculata-450g-80h\/"},"modified":"2025-12-16T14:02:31","modified_gmt":"2025-12-16T14:02:31","slug":"bougie-parfumee-blossom-mada-essenza-collection-maculata-450g-80h","status":"publish","type":"product","link":"https:\/\/lighthouselocarno.ch\/fr\/produit\/bougie-parfumee-blossom-mada-essenza-collection-maculata-450g-80h\/","title":{"rendered":"Bougie Parfum\u00e9e Blossom \u2013 MADA Essenza | Collection Maculata (450g, 80h)"},"content":{"rendered":"<p data-start=\"607\" data-end=\"809\">\u00c9l\u00e9gante, lumineuse et sophistiqu\u00e9e : la <strong data-start=\"644\" data-end=\"668\">Bougie MADA Blossom<\/strong> de la <strong data-start=\"675\" data-end=\"698\">Collection Maculata<\/strong> est une v\u00e9ritable exp\u00e9rience sensorielle alliant parfum floral, artisanat suisse et design d\u00e9coratif.<\/p>\n<p data-start=\"811\" data-end=\"1122\">Coul\u00e9e \u00e0 la main en Suisse avec de la <strong data-start=\"842\" data-end=\"875\">cire 100% naturelle et v\u00e9g\u00e9tale<\/strong>, cette bougie d\u00e9gage un parfum <strong data-start=\"916\" data-end=\"939\">frais et enveloppant<\/strong>, parfait pour apporter harmonie et personnalit\u00e9 \u00e0 tout int\u00e9rieur. La <strong data-start=\"1008\" data-end=\"1037\">double m\u00e8che en coton<\/strong> garantit une combustion uniforme et une diffusion intense et constante du parfum. <\/p>\n<p data-start=\"1124\" data-end=\"1301\">Son contenant imposant et raffin\u00e9 fait de Blossom non seulement une bougie parfum\u00e9e, mais aussi un <strong data-start=\"1224\" data-end=\"1270\">objet d\u00e9coratif \u00e0 fort impact esth\u00e9tique<\/strong>, id\u00e9al comme cadeau de prestige.<\/p>\n<h3 data-start=\"1303\" data-end=\"1322\">\ud83c\udf3f Parfum<\/h3>\n<ul data-start=\"1323\" data-end=\"1462\">\n<li data-start=\"1323\" data-end=\"1370\">\n<p data-start=\"1325\" data-end=\"1370\"><strong data-start=\"1325\" data-end=\"1342\">Notes de t\u00eate<\/strong> : Poire, Citron, Bergamote<\/p>\n<\/li>\n<li data-start=\"1371\" data-end=\"1413\">\n<p data-start=\"1373\" data-end=\"1413\"><strong data-start=\"1373\" data-end=\"1390\">Notes de c\u0153ur<\/strong> : Freesia, Rose, Ambre<\/p>\n<\/li>\n<li data-start=\"1414\" data-end=\"1462\">\n<p data-start=\"1416\" data-end=\"1462\"><strong data-start=\"1416\" data-end=\"1433\">Notes de fond<\/strong> : Patchouli, Mousse, Bois<\/p>\n<\/li>\n<\/ul>\n<p data-start=\"1464\" data-end=\"1596\">Un parfum floral \u00e9l\u00e9gant et contemporain, \u00e9voquant la fra\u00eecheur du printemps et le raffinement d&rsquo;un int\u00e9rieur soign\u00e9.<\/p>\n<hr data-start=\"1598\" data-end=\"1601\">\n<h3 data-start=\"1603\" data-end=\"1637\">\ud83d\udd6f\ufe0f Caract\u00e9ristiques principales<\/h3>\n<ul data-start=\"1638\" data-end=\"1970\">\n<li data-start=\"1638\" data-end=\"1682\">\n<p data-start=\"1640\" data-end=\"1682\"><strong data-start=\"1640\" data-end=\"1682\">Collection Maculata \u2013 design exclusif<\/strong><\/p>\n<\/li>\n<li data-start=\"1683\" data-end=\"1718\">\n<p data-start=\"1685\" data-end=\"1718\">Cire <strong data-start=\"1690\" data-end=\"1718\">100% v\u00e9g\u00e9tale et naturelle<\/strong><\/p>\n<\/li>\n<li data-start=\"1719\" data-end=\"1751\">\n<p data-start=\"1721\" data-end=\"1751\"><strong data-start=\"1721\" data-end=\"1751\">Coul\u00e9e \u00e0 la main en Suisse<\/strong><\/p>\n<\/li>\n<li data-start=\"1752\" data-end=\"1807\">\n<p data-start=\"1754\" data-end=\"1807\"><strong data-start=\"1754\" data-end=\"1778\">2 m\u00e8ches en coton<\/strong> pour une combustion uniforme<\/p>\n<\/li>\n<li data-start=\"1808\" data-end=\"1841\">\n<p data-start=\"1810\" data-end=\"1841\">Plus de <strong data-start=\"1816\" data-end=\"1841\">80 heures de combustion<\/strong><\/p>\n<\/li>\n<li data-start=\"1842\" data-end=\"1888\">\n<p data-start=\"1844\" data-end=\"1888\">Parfums de luxe, sans substances nocives<\/p>\n<\/li>\n<li data-start=\"1889\" data-end=\"1928\">\n<p data-start=\"1891\" data-end=\"1928\"><strong data-start=\"1891\" data-end=\"1909\">Vegan friendly<\/strong> &amp; <strong data-start=\"1912\" data-end=\"1928\">cruelty free<\/strong><\/p>\n<\/li>\n<li data-start=\"1929\" data-end=\"1970\">\n<p data-start=\"1931\" data-end=\"1970\">Bougie d\u00e9corative de grande taille<\/p>\n<\/li>\n<\/ul>\n","protected":false},"excerpt":{"rendered":"<p data-start=\"365\" data-end=\"552\">Bougie artisanale florale et fra\u00eeche aux notes de poire, freesia et musc. Cire v\u00e9g\u00e9tale 100%, double m\u00e8che en coton, plus de 80 heures de combustion. Design exclusif Collection Maculata.  <\/p>\n","protected":false},"featured_media":156701,"template":"","meta":{"_seopress_robots_primary_cat":"","_seopress_titles_title":"Bougie Blossom MADA Essenza \u2013 Florale 80h | Collection Maculata","_seopress_titles_desc":"Bougie Blossom MADA Essenza aux notes florales de poire et de freesia. Cire v\u00e9g\u00e9tale 100%, double m\u00e8che, 80h. Collection Maculata, vegan.  ","_seopress_robots_index":""},"product_brand":[9367],"product_cat":[7125,4268],"product_tag":[9542,9541,4274,4306,9479,9390,9543,9545,9544,9392,9391,9396,9397],"class_list":{"0":"post-156700","1":"product","2":"type-product","3":"status-publish","4":"has-post-thumbnail","6":"product_brand-mada-essenza","7":"product_cat-bougies-fr","8":"product_cat-bougies","9":"product_tag-bougie-blossom","10":"product_tag-bougie-florale","11":"product_tag-bougie-parfumee","12":"product_tag-bougies-artisanales","13":"product_tag-cadeau-elegant","14":"product_tag-cire-vegetale","15":"product_tag-collection-maculata","16":"product_tag-decoration-de-luxe","17":"product_tag-double-meche","18":"product_tag-fabrique-en-suisse","19":"product_tag-mada-essenza","20":"product_tag-sans-cruaute","21":"product_tag-vegan","23":"first","24":"instock","25":"shipping-taxable","26":"purchasable","27":"product-type-simple"},"jetpack_sharing_enabled":true,"_links":{"self":[{"href":"https:\/\/lighthouselocarno.ch\/fr\/wp-json\/wp\/v2\/product\/156700","targetHints":{"allow":["GET"]}}],"collection":[{"href":"https:\/\/lighthouselocarno.ch\/fr\/wp-json\/wp\/v2\/product"}],"about":[{"href":"https:\/\/lighthouselocarno.ch\/fr\/wp-json\/wp\/v2\/types\/product"}],"wp:featuredmedia":[{"embeddable":true,"href":"https:\/\/lighthouselocarno.ch\/fr\/wp-json\/wp\/v2\/media\/156701"}],"wp:attachment":[{"href":"https:\/\/lighthouselocarno.ch\/fr\/wp-json\/wp\/v2\/media?parent=156700"}],"wp:term":[{"taxonomy":"product_brand","embeddable":true,"href":"https:\/\/lighthouselocarno.ch\/fr\/wp-json\/wp\/v2\/product_brand?post=156700"},{"taxonomy":"product_cat","embeddable":true,"href":"https:\/\/lighthouselocarno.ch\/fr\/wp-json\/wp\/v2\/product_cat?post=156700"},{"taxonomy":"product_tag","embeddable":true,"href":"https:\/\/lighthouselocarno.ch\/fr\/wp-json\/wp\/v2\/product_tag?post=156700"}],"curies":[{"name":"wp","href":"https:\/\/api.w.org\/{rel}","templated":true}]}}