{"id":156712,"date":"2025-12-16T14:05:09","date_gmt":"2025-12-16T14:05:09","guid":{"rendered":"https:\/\/lighthouselocarno.ch\/prodotto\/bougie-parfumee-adorable-mada-essenza-collection-maculata-450-g-80h\/"},"modified":"2025-12-16T14:05:09","modified_gmt":"2025-12-16T14:05:09","slug":"bougie-parfumee-adorable-mada-essenza-collection-maculata-450-g-80h","status":"publish","type":"product","link":"https:\/\/lighthouselocarno.ch\/fr\/produit\/bougie-parfumee-adorable-mada-essenza-collection-maculata-450-g-80h\/","title":{"rendered":"Bougie Parfum\u00e9e Adorable \u2013 MADA Essenza | Collection Maculata (450 g, 80h)"},"content":{"rendered":"<p data-start=\"649\" data-end=\"846\">Enveloppante, \u00e9l\u00e9gante et d\u00e9licate : la <strong data-start=\"685\" data-end=\"710\">Bougie MADA Adorable<\/strong> de la <strong data-start=\"717\" data-end=\"740\">Collection Maculata<\/strong> est con\u00e7ue pour ceux qui aiment les fragrances chaudes et raffin\u00e9es, capables de cr\u00e9er une atmosph\u00e8re intime et sophistiqu\u00e9e.<\/p>\n<p data-start=\"848\" data-end=\"1161\">Coul\u00e9e \u00e0 la main en Suisse avec de la <strong data-start=\"879\" data-end=\"912\">cire 100 % naturelle et v\u00e9g\u00e9tale<\/strong>, cette bougie d\u00e9gage un parfum <strong data-start=\"956\" data-end=\"976\">doux et \u00e9pic\u00e9<\/strong>, \u00e9quilibr\u00e9 et jamais envahissant. Les <strong data-start=\"1009\" data-end=\"1035\">deux m\u00e8ches en coton<\/strong> assurent une combustion uniforme et une diffusion harmonieuse de la fragrance, la rendant id\u00e9ale pour les espaces vastes et soign\u00e9s. <\/p>\n<p data-start=\"1163\" data-end=\"1355\">Son contenant imposant, au design mouchet\u00e9 iconique, en fait \u00e9galement un <strong data-start=\"1241\" data-end=\"1283\">objet de d\u00e9coration de grande personnalit\u00e9<\/strong>, parfait comme cadeau de prestige ou comme \u00e9l\u00e9ment distinctif pour la maison.<\/p>\n<h3 data-start=\"1357\" data-end=\"1376\">\ud83c\udf3f Parfum<\/h3>\n<ul data-start=\"1377\" data-end=\"1486\">\n<li data-start=\"1377\" data-end=\"1414\">\n<p data-start=\"1379\" data-end=\"1414\"><strong data-start=\"1379\" data-end=\"1396\">Notes de t\u00eate<\/strong> : Ambre, Musc<\/p>\n<\/li>\n<li data-start=\"1415\" data-end=\"1443\">\n<p data-start=\"1417\" data-end=\"1443\"><strong data-start=\"1417\" data-end=\"1434\">Notes de c\u0153ur<\/strong> : Myrrhe<\/p>\n<\/li>\n<li data-start=\"1444\" data-end=\"1486\">\n<p data-start=\"1446\" data-end=\"1486\"><strong data-start=\"1446\" data-end=\"1463\">Notes de fond<\/strong> : F\u00e8ve Tonka, Santal<\/p>\n<\/li>\n<\/ul>\n<p data-start=\"1488\" data-end=\"1578\">Une fragrance chaude, enveloppante et sensuelle, qui unit douceur et profondeur avec \u00e9l\u00e9gance.<\/p>\n<hr data-start=\"1580\" data-end=\"1583\">\n<h3 data-start=\"1585\" data-end=\"1623\">\ud83d\udd6f\ufe0f <strong data-start=\"1593\" data-end=\"1623\">Caract\u00e9ristiques principales<\/strong><\/h3>\n<ul data-start=\"1624\" data-end=\"1952\">\n<li data-start=\"1624\" data-end=\"1668\">\n<p data-start=\"1626\" data-end=\"1668\"><strong data-start=\"1626\" data-end=\"1668\">Collection Maculata \u2013 design exclusif<\/strong><\/p>\n<\/li>\n<li data-start=\"1669\" data-end=\"1704\">\n<p data-start=\"1671\" data-end=\"1704\">Cire <strong data-start=\"1676\" data-end=\"1704\">100% v\u00e9g\u00e9tale et naturelle<\/strong><\/p>\n<\/li>\n<li data-start=\"1705\" data-end=\"1737\">\n<p data-start=\"1707\" data-end=\"1737\"><strong data-start=\"1707\" data-end=\"1737\">Coul\u00e9e \u00e0 la main en Suisse<\/strong><\/p>\n<\/li>\n<li data-start=\"1738\" data-end=\"1793\">\n<p data-start=\"1740\" data-end=\"1793\"><strong data-start=\"1740\" data-end=\"1764\">2 m\u00e8ches en coton<\/strong> pour une combustion uniforme<\/p>\n<\/li>\n<li data-start=\"1794\" data-end=\"1827\">\n<p data-start=\"1796\" data-end=\"1827\">Plus de <strong data-start=\"1802\" data-end=\"1827\">80 heures de combustion<\/strong><\/p>\n<\/li>\n<li data-start=\"1828\" data-end=\"1873\">\n<p data-start=\"1830\" data-end=\"1873\">Fragrances de luxe sans substances nocives<\/p>\n<\/li>\n<li data-start=\"1874\" data-end=\"1913\">\n<p data-start=\"1876\" data-end=\"1913\"><strong data-start=\"1876\" data-end=\"1894\">Vegan friendly<\/strong> &amp; <strong data-start=\"1897\" data-end=\"1913\">cruelty free<\/strong><\/p>\n<\/li>\n<li data-start=\"1914\" data-end=\"1952\">\n<p data-start=\"1916\" data-end=\"1952\">Bougie d\u00e9corative grand format<\/p>\n<\/li>\n<\/ul>\n","protected":false},"excerpt":{"rendered":"<p data-start=\"390\" data-end=\"592\">Bougie artisanale au parfum doux et \u00e9pic\u00e9 aux notes d&rsquo;ambre, myrrhe et bois chauds. Cire v\u00e9g\u00e9tale 100 %, double m\u00e8che en coton, plus de 80 heures de combustion. Design exclusif Collection Maculata.  <\/p>\n","protected":false},"featured_media":156713,"template":"","meta":{"_seopress_robots_primary_cat":"","_seopress_titles_title":"Bougie Adorable MADA Essenza \u2013 Douce et \u00c9pic\u00e9e 80h","_seopress_titles_desc":"Bougie Adorable MADA Essenza aux notes d'ambre, myrrhe et santal. Cire v\u00e9g\u00e9tale 100 %, double m\u00e8che, 80h. Collection Maculata, vegan.  ","_seopress_robots_index":""},"product_brand":[9367],"product_cat":[4268,7125],"product_tag":[9559,9558,9557,4274,4306,9479,9390,9543,9545,9544,9392,9391,9396,9397],"class_list":{"0":"post-156712","1":"product","2":"type-product","3":"status-publish","4":"has-post-thumbnail","6":"product_brand-mada-essenza","7":"product_cat-bougies","8":"product_cat-bougies-fr","9":"product_tag-ambre-et-santal","10":"product_tag-bougie-douce","11":"product_tag-bougie-epicee","12":"product_tag-bougie-parfumee","13":"product_tag-bougies-artisanales","14":"product_tag-cadeau-elegant","15":"product_tag-cire-vegetale","16":"product_tag-collection-maculata","17":"product_tag-decoration-de-luxe","18":"product_tag-double-meche","19":"product_tag-fabrique-en-suisse","20":"product_tag-mada-essenza","21":"product_tag-sans-cruaute","22":"product_tag-vegan","24":"first","25":"instock","26":"shipping-taxable","27":"purchasable","28":"product-type-simple"},"jetpack_sharing_enabled":true,"_links":{"self":[{"href":"https:\/\/lighthouselocarno.ch\/fr\/wp-json\/wp\/v2\/product\/156712","targetHints":{"allow":["GET"]}}],"collection":[{"href":"https:\/\/lighthouselocarno.ch\/fr\/wp-json\/wp\/v2\/product"}],"about":[{"href":"https:\/\/lighthouselocarno.ch\/fr\/wp-json\/wp\/v2\/types\/product"}],"wp:featuredmedia":[{"embeddable":true,"href":"https:\/\/lighthouselocarno.ch\/fr\/wp-json\/wp\/v2\/media\/156713"}],"wp:attachment":[{"href":"https:\/\/lighthouselocarno.ch\/fr\/wp-json\/wp\/v2\/media?parent=156712"}],"wp:term":[{"taxonomy":"product_brand","embeddable":true,"href":"https:\/\/lighthouselocarno.ch\/fr\/wp-json\/wp\/v2\/product_brand?post=156712"},{"taxonomy":"product_cat","embeddable":true,"href":"https:\/\/lighthouselocarno.ch\/fr\/wp-json\/wp\/v2\/product_cat?post=156712"},{"taxonomy":"product_tag","embeddable":true,"href":"https:\/\/lighthouselocarno.ch\/fr\/wp-json\/wp\/v2\/product_tag?post=156712"}],"curies":[{"name":"wp","href":"https:\/\/api.w.org\/{rel}","templated":true}]}}