{"id":156728,"date":"2025-12-16T14:07:53","date_gmt":"2025-12-16T14:07:53","guid":{"rendered":"https:\/\/lighthouselocarno.ch\/prodotto\/bougie-parfumee-moody-mada-essence-collection-maculee-450g-80h\/"},"modified":"2025-12-16T14:07:53","modified_gmt":"2025-12-16T14:07:53","slug":"bougie-parfumee-moody-mada-essence-collection-maculee-450g-80h","status":"publish","type":"product","link":"https:\/\/lighthouselocarno.ch\/fr\/produit\/bougie-parfumee-moody-mada-essence-collection-maculee-450g-80h\/","title":{"rendered":"Bougie Parfum\u00e9e Moody \u2013 MADA Essence | Collection Macul\u00e9e (450g, 80h)"},"content":{"rendered":"<p data-start=\"696\" data-end=\"895\">D\u00e9termin\u00e9e, intense et enveloppante : la <strong data-start=\"729\" data-end=\"751\">Bougie MADA Moody<\/strong> de la <strong data-start=\"758\" data-end=\"781\">Collection Macul\u00e9e<\/strong> est con\u00e7ue pour ceux qui aiment les fragrances au caract\u00e8re fort et sensuel, capables de transformer l&rsquo;atmosph\u00e8re d&rsquo;une pi\u00e8ce.<\/p>\n<p data-start=\"897\" data-end=\"1231\">Coul\u00e9e \u00e0 la main en Suisse avec de la <strong data-start=\"928\" data-end=\"961\">cire 100% naturelle et v\u00e9g\u00e9tale<\/strong>, Moody d\u00e9gage un parfum <strong data-start=\"996\" data-end=\"1016\">doux et \u00e9pic\u00e9<\/strong>, enrichi de notes d&rsquo;agrumes lumineuses et d&rsquo;un fond chaud et profond. Les <strong data-start=\"1089\" data-end=\"1115\">deux m\u00e8ches en coton<\/strong> assurent une combustion uniforme et une diffusion intense du parfum, id\u00e9ale pour les espaces amples et \u00e9l\u00e9gants. <\/p>\n<p data-start=\"1233\" data-end=\"1396\">Son contenant iconique macul\u00e9 fait de cette bougie un <strong data-start=\"1293\" data-end=\"1319\">v\u00e9ritable objet de design<\/strong>, parfait pour ceux qui d\u00e9sirent une d\u00e9coration d&rsquo;int\u00e9rieur de caract\u00e8re ou un cadeau raffin\u00e9.<\/p>\n<h3 data-start=\"1398\" data-end=\"1417\">\ud83c\udf3f Parfum<\/h3>\n<ul data-start=\"1418\" data-end=\"1562\">\n<li data-start=\"1418\" data-end=\"1482\">\n<p data-start=\"1420\" data-end=\"1482\"><strong data-start=\"1420\" data-end=\"1437\">Notes de t\u00eate<\/strong> : Orange, Mandarine, Tangerine, Bergamote<\/p>\n<\/li>\n<li data-start=\"1483\" data-end=\"1524\">\n<p data-start=\"1485\" data-end=\"1524\"><strong data-start=\"1485\" data-end=\"1502\">Notes de c\u0153ur<\/strong> : Patchouli, Santal<\/p>\n<\/li>\n<li data-start=\"1525\" data-end=\"1562\">\n<p data-start=\"1527\" data-end=\"1562\"><strong data-start=\"1527\" data-end=\"1544\">Notes de fond<\/strong> : Ambre, Musc<\/p>\n<\/li>\n<\/ul>\n<p data-start=\"1564\" data-end=\"1648\">Un m\u00e9lange vibrant et sophistiqu\u00e9, qui unit fra\u00eecheur des agrumes et profondeur \u00e9pic\u00e9e.<\/p>\n<hr data-start=\"1650\" data-end=\"1653\">\n<h3 data-start=\"1655\" data-end=\"1693\">\ud83d\udd6f\ufe0f <strong data-start=\"1663\" data-end=\"1693\">Caract\u00e9ristiques principales<\/strong><\/h3>\n<ul data-start=\"1694\" data-end=\"2022\">\n<li data-start=\"1694\" data-end=\"1738\">\n<p data-start=\"1696\" data-end=\"1738\"><strong data-start=\"1696\" data-end=\"1738\">Collection Maculata \u2013 design exclusif<\/strong><\/p>\n<\/li>\n<li data-start=\"1739\" data-end=\"1774\">\n<p data-start=\"1741\" data-end=\"1774\">Cire <strong data-start=\"1746\" data-end=\"1774\">100% v\u00e9g\u00e9tale et naturelle<\/strong><\/p>\n<\/li>\n<li data-start=\"1775\" data-end=\"1807\">\n<p data-start=\"1777\" data-end=\"1807\"><strong data-start=\"1777\" data-end=\"1807\">Coul\u00e9e \u00e0 la main en Suisse<\/strong><\/p>\n<\/li>\n<li data-start=\"1808\" data-end=\"1863\">\n<p data-start=\"1810\" data-end=\"1863\"><strong data-start=\"1810\" data-end=\"1834\">2 m\u00e8ches en coton<\/strong> pour une combustion uniforme<\/p>\n<\/li>\n<li data-start=\"1864\" data-end=\"1897\">\n<p data-start=\"1866\" data-end=\"1897\">Plus de <strong data-start=\"1872\" data-end=\"1897\">80 heures de combustion<\/strong><\/p>\n<\/li>\n<li data-start=\"1898\" data-end=\"1943\">\n<p data-start=\"1900\" data-end=\"1943\">Fragrances de luxe sans substances nocives<\/p>\n<\/li>\n<li data-start=\"1944\" data-end=\"1983\">\n<p data-start=\"1946\" data-end=\"1983\"><strong data-start=\"1946\" data-end=\"1964\">Vegan friendly<\/strong> &amp; <strong data-start=\"1967\" data-end=\"1983\">cruelty free<\/strong><\/p>\n<\/li>\n<li data-start=\"1984\" data-end=\"2022\">\n<p data-start=\"1986\" data-end=\"2022\">Bougie d\u00e9corative grand format<\/p>\n<\/li>\n<\/ul>\n","protected":false},"excerpt":{"rendered":"<p data-start=\"437\" data-end=\"639\">Bougie artisanale au parfum intense, doux et \u00e9pic\u00e9 avec agrumes, patchouli et ambre. Cire v\u00e9g\u00e9tale 100%, double m\u00e8che en coton, plus de 80 heures de combustion. Design exclusif Collection Macul\u00e9e.  <\/p>\n","protected":false},"featured_media":156729,"template":"","meta":{"_seopress_robots_primary_cat":"","_seopress_titles_title":"Bougie Moody MADA Essence \u2013 \u00c9pic\u00e9e et Intense 80h","_seopress_titles_desc":"Bougie Moody MADA Essence aux agrumes, patchouli et ambre. Cire v\u00e9g\u00e9tale 100%, double m\u00e8che, 80h. Collection Macul\u00e9e, vegan.  ","_seopress_robots_index":""},"product_brand":[9367],"product_cat":[7125,4268],"product_tag":[9570,9557,9569,4274,4306,9479,9390,9543,9545,9544,9392,9391,9571,9396,9397],"class_list":{"0":"post-156728","1":"product","2":"type-product","3":"status-publish","4":"has-post-thumbnail","6":"product_brand-mada-essenza","7":"product_cat-bougies-fr","8":"product_cat-bougies","9":"product_tag-agrumes-et-ambre","10":"product_tag-bougie-epicee","11":"product_tag-bougie-intense","12":"product_tag-bougie-parfumee","13":"product_tag-bougies-artisanales","14":"product_tag-cadeau-elegant","15":"product_tag-cire-vegetale","16":"product_tag-collection-maculata","17":"product_tag-decoration-de-luxe","18":"product_tag-double-meche","19":"product_tag-fabrique-en-suisse","20":"product_tag-mada-essenza","21":"product_tag-patchouli-et-santal","22":"product_tag-sans-cruaute","23":"product_tag-vegan","25":"first","26":"instock","27":"shipping-taxable","28":"purchasable","29":"product-type-simple"},"jetpack_sharing_enabled":true,"_links":{"self":[{"href":"https:\/\/lighthouselocarno.ch\/fr\/wp-json\/wp\/v2\/product\/156728","targetHints":{"allow":["GET"]}}],"collection":[{"href":"https:\/\/lighthouselocarno.ch\/fr\/wp-json\/wp\/v2\/product"}],"about":[{"href":"https:\/\/lighthouselocarno.ch\/fr\/wp-json\/wp\/v2\/types\/product"}],"wp:featuredmedia":[{"embeddable":true,"href":"https:\/\/lighthouselocarno.ch\/fr\/wp-json\/wp\/v2\/media\/156729"}],"wp:attachment":[{"href":"https:\/\/lighthouselocarno.ch\/fr\/wp-json\/wp\/v2\/media?parent=156728"}],"wp:term":[{"taxonomy":"product_brand","embeddable":true,"href":"https:\/\/lighthouselocarno.ch\/fr\/wp-json\/wp\/v2\/product_brand?post=156728"},{"taxonomy":"product_cat","embeddable":true,"href":"https:\/\/lighthouselocarno.ch\/fr\/wp-json\/wp\/v2\/product_cat?post=156728"},{"taxonomy":"product_tag","embeddable":true,"href":"https:\/\/lighthouselocarno.ch\/fr\/wp-json\/wp\/v2\/product_tag?post=156728"}],"curies":[{"name":"wp","href":"https:\/\/api.w.org\/{rel}","templated":true}]}}