{"id":156744,"date":"2025-12-16T14:10:27","date_gmt":"2025-12-16T14:10:27","guid":{"rendered":"https:\/\/lighthouselocarno.ch\/prodotto\/bougie-parfumee-sweety-mada-essenza-collection-maculata-450-g-80-h\/"},"modified":"2025-12-16T14:10:27","modified_gmt":"2025-12-16T14:10:27","slug":"bougie-parfumee-sweety-mada-essenza-collection-maculata-450-g-80-h","status":"publish","type":"product","link":"https:\/\/lighthouselocarno.ch\/fr\/produit\/bougie-parfumee-sweety-mada-essenza-collection-maculata-450-g-80-h\/","title":{"rendered":"Bougie Parfum\u00e9e Sweety \u2013 MADA Essenza | Collection Maculata (450 g, 80 h)"},"content":{"rendered":"<p data-start=\"684\" data-end=\"904\">Sensuelle, enveloppante et irr\u00e9sistiblement f\u00e9minine : la <strong data-start=\"739\" data-end=\"762\">Bougie MADA Sweety<\/strong> de la <strong data-start=\"769\" data-end=\"792\">Collection Maculata<\/strong> est une explosion de fleurs blanches et de notes chaudes, con\u00e7ue pour cr\u00e9er une atmosph\u00e8re \u00e9l\u00e9gante et riche en personnalit\u00e9.<\/p>\n<p data-start=\"906\" data-end=\"1199\">Coul\u00e9e \u00e0 la main en Suisse avec de la <strong data-start=\"937\" data-end=\"970\">cire 100 % naturelle et v\u00e9g\u00e9tale<\/strong>, cette bougie d\u00e9gage un parfum <strong data-start=\"1011\" data-end=\"1034\">floral et exotique<\/strong>, intense mais harmonieux. Les <strong data-start=\"1060\" data-end=\"1086\">deux m\u00e8ches en coton<\/strong> assurent une combustion uniforme et une diffusion profonde du parfum, id\u00e9ale pour les espaces vastes et raffin\u00e9s. <\/p>\n<p data-start=\"1201\" data-end=\"1412\">Le contenant mouchet\u00e9, distinctif et d\u00e9coratif, fait de Sweety non seulement une bougie parfum\u00e9e mais aussi un <strong data-start=\"1307\" data-end=\"1353\">objet de d\u00e9coration au fort impact esth\u00e9tique<\/strong>, parfait comme cadeau de luxe ou pour embellir la maison.<\/p>\n<h3 data-start=\"1414\" data-end=\"1433\">\ud83c\udf3f Parfum<\/h3>\n<ul data-start=\"1434\" data-end=\"1573\">\n<li data-start=\"1434\" data-end=\"1475\">\n<p data-start=\"1436\" data-end=\"1475\"><strong data-start=\"1436\" data-end=\"1453\">Notes de t\u00eate<\/strong> : Clous de girofle<\/p>\n<\/li>\n<li data-start=\"1476\" data-end=\"1531\">\n<p data-start=\"1478\" data-end=\"1531\"><strong data-start=\"1478\" data-end=\"1495\">Notes de c\u0153ur<\/strong> : Tub\u00e9reuse, Jasmin, Ylang-Ylang<\/p>\n<\/li>\n<li data-start=\"1532\" data-end=\"1573\">\n<p data-start=\"1534\" data-end=\"1573\"><strong data-start=\"1534\" data-end=\"1551\">Notes de fond<\/strong> : Vanille, Benjoin<\/p>\n<\/li>\n<\/ul>\n<p data-start=\"1575\" data-end=\"1659\">Un parfum chaleureux, fleuri et s\u00e9duisant qui laisse un sillage \u00e9l\u00e9gant et persistant.<\/p>\n<hr data-start=\"1661\" data-end=\"1664\">\n<h3 data-start=\"1666\" data-end=\"1704\">\ud83d\udd6f\ufe0f <strong data-start=\"1674\" data-end=\"1704\">Caract\u00e9ristiques principales<\/strong><\/h3>\n<ul data-start=\"1705\" data-end=\"2030\">\n<li data-start=\"1705\" data-end=\"1749\">\n<p data-start=\"1707\" data-end=\"1749\"><strong data-start=\"1707\" data-end=\"1749\">Collection Maculata \u2013 design exclusif<\/strong><\/p>\n<\/li>\n<li data-start=\"1750\" data-end=\"1785\">\n<p data-start=\"1752\" data-end=\"1785\">Cire <strong data-start=\"1757\" data-end=\"1785\">100% v\u00e9g\u00e9tale et naturelle<\/strong><\/p>\n<\/li>\n<li data-start=\"1786\" data-end=\"1818\">\n<p data-start=\"1788\" data-end=\"1818\"><strong data-start=\"1788\" data-end=\"1818\">Coul\u00e9e \u00e0 la main en Suisse<\/strong><\/p>\n<\/li>\n<li data-start=\"1819\" data-end=\"1874\">\n<p data-start=\"1821\" data-end=\"1874\"><strong data-start=\"1821\" data-end=\"1845\">2 m\u00e8ches en coton<\/strong> pour une combustion uniforme<\/p>\n<\/li>\n<li data-start=\"1875\" data-end=\"1908\">\n<p data-start=\"1877\" data-end=\"1908\">Plus de <strong data-start=\"1883\" data-end=\"1908\">80 heures de combustion<\/strong><\/p>\n<\/li>\n<li data-start=\"1909\" data-end=\"1951\">\n<p data-start=\"1911\" data-end=\"1951\">Parfums de luxe sans substances nocives<\/p>\n<\/li>\n<li data-start=\"1952\" data-end=\"1991\">\n<p data-start=\"1954\" data-end=\"1991\"><strong data-start=\"1954\" data-end=\"1972\">Vegan friendly<\/strong> &amp; <strong data-start=\"1975\" data-end=\"1991\">cruelty free<\/strong><\/p>\n<\/li>\n<li data-start=\"1992\" data-end=\"2030\">\n<p data-start=\"1994\" data-end=\"2030\">Bougie d\u00e9corative grand format<\/p>\n<\/li>\n<\/ul>\n","protected":false},"excerpt":{"rendered":"<p data-start=\"411\" data-end=\"627\">Bougie artisanale au parfum floral, intense et exotique aux notes de tub\u00e9reuse, jasmin et vanille. Cire v\u00e9g\u00e9tale 100 %, double m\u00e8che en coton, plus de 80 heures de combustion. Design iconique Collection Maculata.  <\/p>\n","protected":false},"featured_media":156745,"template":"","meta":{"_seopress_robots_primary_cat":"","_seopress_titles_title":"Bougie Sweety MADA Essenza \u2013 Florale et Exotique 80 h","_seopress_titles_desc":"Bougie Sweety MADA Essenza aux notes de tub\u00e9reuse, jasmin et vanille. Cire v\u00e9g\u00e9tale 100 %, double m\u00e8che, 80 h. Collection Maculata, vegan.  ","_seopress_robots_index":""},"product_brand":[9367],"product_cat":[4268,7125],"product_tag":[9581,9541,4274,9479,9390,9543,9545,9544,9392,9391,9396,9582,9583,9397],"class_list":{"0":"post-156744","1":"product","2":"type-product","3":"status-publish","4":"has-post-thumbnail","6":"product_brand-mada-essenza","7":"product_cat-bougies","8":"product_cat-bougies-fr","9":"product_tag-bougie-exotique","10":"product_tag-bougie-florale","11":"product_tag-bougie-parfumee","12":"product_tag-cadeau-elegant","13":"product_tag-cire-vegetale","14":"product_tag-collection-maculata","15":"product_tag-decoration-de-luxe","16":"product_tag-double-meche","17":"product_tag-fabrique-en-suisse","18":"product_tag-mada-essenza","19":"product_tag-sans-cruaute","20":"product_tag-sweety-candle","21":"product_tag-tubereuse-et-jasmin","22":"product_tag-vegan","24":"first","25":"instock","26":"shipping-taxable","27":"purchasable","28":"product-type-simple"},"jetpack_sharing_enabled":true,"_links":{"self":[{"href":"https:\/\/lighthouselocarno.ch\/fr\/wp-json\/wp\/v2\/product\/156744","targetHints":{"allow":["GET"]}}],"collection":[{"href":"https:\/\/lighthouselocarno.ch\/fr\/wp-json\/wp\/v2\/product"}],"about":[{"href":"https:\/\/lighthouselocarno.ch\/fr\/wp-json\/wp\/v2\/types\/product"}],"wp:featuredmedia":[{"embeddable":true,"href":"https:\/\/lighthouselocarno.ch\/fr\/wp-json\/wp\/v2\/media\/156745"}],"wp:attachment":[{"href":"https:\/\/lighthouselocarno.ch\/fr\/wp-json\/wp\/v2\/media?parent=156744"}],"wp:term":[{"taxonomy":"product_brand","embeddable":true,"href":"https:\/\/lighthouselocarno.ch\/fr\/wp-json\/wp\/v2\/product_brand?post=156744"},{"taxonomy":"product_cat","embeddable":true,"href":"https:\/\/lighthouselocarno.ch\/fr\/wp-json\/wp\/v2\/product_cat?post=156744"},{"taxonomy":"product_tag","embeddable":true,"href":"https:\/\/lighthouselocarno.ch\/fr\/wp-json\/wp\/v2\/product_tag?post=156744"}],"curies":[{"name":"wp","href":"https:\/\/api.w.org\/{rel}","templated":true}]}}