{"id":156756,"date":"2025-12-16T14:12:32","date_gmt":"2025-12-16T14:12:32","guid":{"rendered":"https:\/\/lighthouselocarno.ch\/prodotto\/bougie-parfumee-in-love-mada-essenza-collection-maculee-450-g-80-h\/"},"modified":"2025-12-16T15:09:16","modified_gmt":"2025-12-16T15:09:16","slug":"bougie-parfumee-in-love-mada-essenza-collection-maculee-450-g-80-h","status":"publish","type":"product","link":"https:\/\/lighthouselocarno.ch\/fr\/produit\/bougie-parfumee-in-love-mada-essenza-collection-maculee-450-g-80-h\/","title":{"rendered":"Bougie Parfum\u00e9e In Love \u2013 MADA Essenza | Collection Macul\u00e9e (450 g, 80 h)"},"content":{"rendered":"<div class=\"text-base my-auto mx-auto pb-10 [--thread-content-margin:--spacing(4)] @w-sm\/main:[--thread-content-margin:--spacing(6)] @w-lg\/main:[--thread-content-margin:--spacing(16)] px-(--thread-content-margin)\">\n<div class=\"[--thread-content-max-width:40rem] @w-lg\/main:[--thread-content-max-width:48rem] mx-auto max-w-(--thread-content-max-width) flex-1 group\/turn-messages focus-visible:outline-hidden relative flex w-full min-w-0 flex-col agent-turn\">\n<div class=\"flex max-w-full flex-col grow\">\n<div class=\"min-h-8 text-message relative flex w-full flex-col items-end gap-2 text-start break-words whitespace-normal [.text-message+&amp;]:mt-1\" dir=\"auto\" data-message-author-role=\"assistant\" data-message-id=\"2ae3841a-b7c0-47a8-b083-aef5c902cf05\" data-message-model-slug=\"gpt-5-2\">\n<div class=\"flex w-full flex-col gap-1 empty:hidden first:pt-[1px]\">\n<div class=\"markdown prose dark:prose-invert w-full break-words dark markdown-new-styling\">\n<p data-start=\"660\" data-end=\"869\">Romantique, lumineuse et d\u00e9licatement enveloppante : la <strong data-start=\"711\" data-end=\"735\">Bougie MADA In Love<\/strong> de la <strong data-start=\"742\" data-end=\"765\">Collection Macul\u00e9e<\/strong> est une c\u00e9l\u00e9bration de la douceur et de la f\u00e9minit\u00e9, con\u00e7ue pour cr\u00e9er des atmosph\u00e8res intimes et raffin\u00e9es.<\/p>\n<p data-start=\"871\" data-end=\"1222\">Coul\u00e9e \u00e0 la main en Suisse avec de la <strong data-start=\"902\" data-end=\"935\">cire 100 % naturelle et v\u00e9g\u00e9tale<\/strong>, cette bougie d\u00e9gage un parfum <strong data-start=\"976\" data-end=\"997\">floral et frais<\/strong>, harmonieux et d\u00e9licat, parfait pour accompagner des moments de d\u00e9tente et de bien-\u00eatre. Les <strong data-start=\"1079\" data-end=\"1105\">deux m\u00e8ches en coton<\/strong> assurent une combustion uniforme et une diffusion \u00e9quilibr\u00e9e du parfum, id\u00e9ale m\u00eame pour les grands espaces. <\/p>\n<p data-start=\"1224\" data-end=\"1449\">Le contenant macul\u00e9, \u00e9l\u00e9gant et distinctif, fait d&rsquo;In Love non seulement une bougie parfum\u00e9e, mais aussi un <strong data-start=\"1330\" data-end=\"1379\">objet d\u00e9coratif \u00e0 fort impact<\/strong>, parfait comme cadeau pr\u00e9cieux ou comme \u00e9l\u00e9ment raffin\u00e9 pour la maison.<\/p>\n<h3 data-start=\"1451\" data-end=\"1470\">\ud83c\udf3f Parfum<\/h3>\n<ul data-start=\"1471\" data-end=\"1587\">\n<li data-start=\"1471\" data-end=\"1513\">\n<p data-start=\"1473\" data-end=\"1513\"><strong data-start=\"1473\" data-end=\"1490\">Notes de t\u00eate<\/strong> : Cardamome, Tub\u00e9reuse<\/p>\n<\/li>\n<li data-start=\"1514\" data-end=\"1543\">\n<p data-start=\"1516\" data-end=\"1543\"><strong data-start=\"1516\" data-end=\"1533\">Notes de c\u0153ur<\/strong> : Mimosa<\/p>\n<\/li>\n<li data-start=\"1544\" data-end=\"1587\">\n<p data-start=\"1546\" data-end=\"1587\"><strong data-start=\"1546\" data-end=\"1563\">Notes de fond<\/strong> : F\u00e8ve Tonka, Vanille<\/p>\n<\/li>\n<\/ul>\n<p data-start=\"1589\" data-end=\"1686\">Un parfum doux et floral qui laisse une sensation de confort, de l\u00e9g\u00e8ret\u00e9 et de romantisme.<\/p>\n<hr data-start=\"1688\" data-end=\"1691\">\n<h3 data-start=\"1693\" data-end=\"1731\">\ud83d\udd6f\ufe0f <strong data-start=\"1701\" data-end=\"1731\">Caract\u00e9ristiques principales<\/strong><\/h3>\n<ul data-start=\"1732\" data-end=\"2060\">\n<li data-start=\"1732\" data-end=\"1776\">\n<p data-start=\"1734\" data-end=\"1776\"><strong data-start=\"1734\" data-end=\"1776\">Collection Maculata \u2013 design exclusif<\/strong><\/p>\n<\/li>\n<li data-start=\"1777\" data-end=\"1812\">\n<p data-start=\"1779\" data-end=\"1812\">Cire <strong data-start=\"1784\" data-end=\"1812\">100% v\u00e9g\u00e9tale et naturelle<\/strong><\/p>\n<\/li>\n<li data-start=\"1813\" data-end=\"1845\">\n<p data-start=\"1815\" data-end=\"1845\"><strong data-start=\"1815\" data-end=\"1845\">Coul\u00e9e \u00e0 la main en Suisse<\/strong><\/p>\n<\/li>\n<li data-start=\"1846\" data-end=\"1901\">\n<p data-start=\"1848\" data-end=\"1901\"><strong data-start=\"1848\" data-end=\"1872\">2 m\u00e8ches en coton<\/strong> pour une combustion uniforme<\/p>\n<\/li>\n<li data-start=\"1902\" data-end=\"1935\">\n<p data-start=\"1904\" data-end=\"1935\">Plus de <strong data-start=\"1910\" data-end=\"1935\">80 heures de combustion<\/strong><\/p>\n<\/li>\n<li data-start=\"1936\" data-end=\"1981\">\n<p data-start=\"1938\" data-end=\"1981\">Fragrances de luxe sans substances nocives<\/p>\n<\/li>\n<li data-start=\"1982\" data-end=\"2021\">\n<p data-start=\"1984\" data-end=\"2021\"><strong data-start=\"1984\" data-end=\"2002\">Vegan friendly<\/strong> &amp; <strong data-start=\"2005\" data-end=\"2021\">cruelty free<\/strong><\/p>\n<\/li>\n<li data-start=\"2022\" data-end=\"2060\">\n<p data-start=\"2024\" data-end=\"2060\">Bougie d\u00e9corative grand format<\/p>\n<\/li>\n<\/ul>\n<\/div>\n<\/div>\n<\/div>\n<\/div>\n<\/div>\n<\/div>\n","protected":false},"excerpt":{"rendered":"<p data-start=\"394\" data-end=\"603\">Bougie artisanale au parfum doux, floral et frais avec des notes de mimosa, tub\u00e9reuse et vanille. Cire v\u00e9g\u00e9tale 100 %, double m\u00e8che en coton, plus de 80 heures de combustion. Design iconique Collection Macul\u00e9e.  <\/p>\n","protected":false},"featured_media":156757,"template":"","meta":{"_seopress_robots_primary_cat":"none","_seopress_titles_title":"Bougie In Love MADA Essenza \u2013 Florale Douce 80 h","_seopress_titles_desc":"Bougie In Love MADA Essenza aux notes de mimosa, tub\u00e9reuse et vanille. Cire v\u00e9g\u00e9tale 100 %, double m\u00e8che, 80 h. Collection Macul\u00e9e, vegan.  ","_seopress_robots_index":""},"product_brand":[9367],"product_cat":[4268,7125],"product_tag":[9558,9541,9591,4274,9479,9390,9543,9545,9544,9392,9391,9592,9396,9397],"class_list":{"0":"post-156756","1":"product","2":"type-product","3":"status-publish","4":"has-post-thumbnail","6":"product_brand-mada-essenza","7":"product_cat-bougies","8":"product_cat-bougies-fr","9":"product_tag-bougie-douce","10":"product_tag-bougie-florale","11":"product_tag-bougie-in-love","12":"product_tag-bougie-parfumee","13":"product_tag-cadeau-elegant","14":"product_tag-cire-vegetale","15":"product_tag-collection-maculata","16":"product_tag-decoration-de-luxe","17":"product_tag-double-meche","18":"product_tag-fabrique-en-suisse","19":"product_tag-mada-essenza","20":"product_tag-mimosa-et-vanille","21":"product_tag-sans-cruaute","22":"product_tag-vegan","24":"first","25":"instock","26":"shipping-taxable","27":"purchasable","28":"product-type-simple"},"jetpack_sharing_enabled":true,"_links":{"self":[{"href":"https:\/\/lighthouselocarno.ch\/fr\/wp-json\/wp\/v2\/product\/156756","targetHints":{"allow":["GET"]}}],"collection":[{"href":"https:\/\/lighthouselocarno.ch\/fr\/wp-json\/wp\/v2\/product"}],"about":[{"href":"https:\/\/lighthouselocarno.ch\/fr\/wp-json\/wp\/v2\/types\/product"}],"wp:featuredmedia":[{"embeddable":true,"href":"https:\/\/lighthouselocarno.ch\/fr\/wp-json\/wp\/v2\/media\/156757"}],"wp:attachment":[{"href":"https:\/\/lighthouselocarno.ch\/fr\/wp-json\/wp\/v2\/media?parent=156756"}],"wp:term":[{"taxonomy":"product_brand","embeddable":true,"href":"https:\/\/lighthouselocarno.ch\/fr\/wp-json\/wp\/v2\/product_brand?post=156756"},{"taxonomy":"product_cat","embeddable":true,"href":"https:\/\/lighthouselocarno.ch\/fr\/wp-json\/wp\/v2\/product_cat?post=156756"},{"taxonomy":"product_tag","embeddable":true,"href":"https:\/\/lighthouselocarno.ch\/fr\/wp-json\/wp\/v2\/product_tag?post=156756"}],"curies":[{"name":"wp","href":"https:\/\/api.w.org\/{rel}","templated":true}]}}