{"id":156782,"date":"2025-12-16T14:17:03","date_gmt":"2025-12-16T14:17:03","guid":{"rendered":"https:\/\/lighthouselocarno.ch\/prodotto\/diffuseur-dambiance-apple-cinnamon-mada-essenza-250-ml-ou-500-ml\/"},"modified":"2026-03-23T14:11:06","modified_gmt":"2026-03-23T14:11:06","slug":"diffuseur-dambiance-apple-cinnamon-mada-essenza-250-ml-ou-500-ml","status":"publish","type":"product","link":"https:\/\/lighthouselocarno.ch\/fr\/produit\/diffuseur-dambiance-apple-cinnamon-mada-essenza-250-ml-ou-500-ml\/","title":{"rendered":"Diffuseur d&rsquo;Ambiance Apple &amp; Cinnamon \u2013 MADA Essenza | 250 ml ou 500 ml"},"content":{"rendered":"<p data-start=\"632\" data-end=\"847\">Enveloppant, chaleureux et intense : le <strong data-start=\"664\" data-end=\"720\">Diffuseur d&rsquo;Ambiance MADA Essenza Apple &amp; Cinnamon<\/strong> est le choix id\u00e9al pour ceux qui aiment les fragrances \u00e9pic\u00e9es et marqu\u00e9es, capables de cr\u00e9er une atmosph\u00e8re accueillante et riche en caract\u00e8re.<\/p>\n<p data-start=\"849\" data-end=\"1171\">L&rsquo;essence <strong data-start=\"859\" data-end=\"879\">Apple &amp; Cinnamon<\/strong> est diffus\u00e9e de mani\u00e8re <strong data-start=\"905\" data-end=\"928\">graduelle et constante<\/strong> \u00e0 travers les b\u00e2tonnets, parfumant l&rsquo;environnement avec \u00e9l\u00e9gance et transformant le diffuseur en un raffin\u00e9 <strong data-start=\"1039\" data-end=\"1060\">\u00e9l\u00e9ment de d\u00e9coration<\/strong>. Parfait pour la maison, le bureau ou les espaces professionnels, surtout pendant la saison automnale et hivernale. <\/p>\n<h3 data-start=\"1173\" data-end=\"1192\">\ud83c\udf3f Parfum<\/h3>\n<ul data-start=\"1193\" data-end=\"1312\">\n<li data-start=\"1193\" data-end=\"1244\">\n<p data-start=\"1195\" data-end=\"1244\"><strong data-start=\"1195\" data-end=\"1212\">Notes de t\u00eate<\/strong> : Cannelle, Clou de girofle<\/p>\n<\/li>\n<li data-start=\"1245\" data-end=\"1272\">\n<p data-start=\"1247\" data-end=\"1272\"><strong data-start=\"1247\" data-end=\"1264\">Notes de c\u0153ur<\/strong> : Pomme<\/p>\n<\/li>\n<li data-start=\"1273\" data-end=\"1312\">\n<p data-start=\"1275\" data-end=\"1312\"><strong data-start=\"1275\" data-end=\"1292\">Notes de fond<\/strong> : Vanille, \u00c9pices<\/p>\n<\/li>\n<\/ul>\n<p data-start=\"1314\" data-end=\"1403\">Une fragrance chaleureuse et \u00e9pic\u00e9e qui \u00e9voque l&rsquo;atmosph\u00e8re de No\u00ebl et des journ\u00e9es cosy.<\/p>\n<hr data-start=\"1405\" data-end=\"1408\">\n<h3 data-start=\"1410\" data-end=\"1448\">\ud83d\udd6f\ufe0f <strong data-start=\"1418\" data-end=\"1448\">Caract\u00e9ristiques principales<\/strong><\/h3>\n<ul data-start=\"1449\" data-end=\"1795\">\n<li data-start=\"1449\" data-end=\"1485\">\n<p data-start=\"1451\" data-end=\"1485\">Diffuseur parfum\u00e9 d&rsquo;ambiance<\/p>\n<\/li>\n<li data-start=\"1486\" data-end=\"1528\">\n<p data-start=\"1488\" data-end=\"1528\">Fragrance intense <strong data-start=\"1506\" data-end=\"1526\">Apple &amp; Cinnamon<\/strong><\/p>\n<\/li>\n<li data-start=\"1529\" data-end=\"1600\">\n<p data-start=\"1531\" data-end=\"1564\">Disponible en <strong data-start=\"1546\" data-end=\"1561\">deux formats<\/strong> :<\/p>\n<ul data-start=\"1567\" data-end=\"1600\">\n<li data-start=\"1567\" data-end=\"1583\">\n<p data-start=\"1569\" data-end=\"1583\">SMALL : 250 ml<\/p>\n<\/li>\n<li data-start=\"1586\" data-end=\"1600\">\n<p data-start=\"1588\" data-end=\"1600\">BIG : 500 ml<\/p>\n<\/li>\n<\/ul>\n<\/li>\n<li data-start=\"1601\" data-end=\"1635\">\n<p data-start=\"1603\" data-end=\"1635\">Diffusion graduelle et durable<\/p>\n<\/li>\n<li data-start=\"1636\" data-end=\"1684\">\n<p data-start=\"1638\" data-end=\"1684\">Id\u00e9al pour parfumer et d\u00e9corer les espaces<\/p>\n<\/li>\n<li data-start=\"1685\" data-end=\"1726\">\n<p data-start=\"1687\" data-end=\"1726\"><strong data-start=\"1687\" data-end=\"1705\">Vegan friendly<\/strong> &amp; <strong data-start=\"1708\" data-end=\"1724\">cruelty free<\/strong><\/p>\n<\/li>\n<li data-start=\"1727\" data-end=\"1771\">\n<p data-start=\"1729\" data-end=\"1771\">Sans phtalates, toxines ou substances nocives<\/p>\n<\/li>\n<li data-start=\"1772\" data-end=\"1795\">\n<p data-start=\"1774\" data-end=\"1795\">Fabriqu\u00e9 en Suisse<\/p>\n<\/li>\n<\/ul>\n<p data-start=\"1797\" data-end=\"1903\">\ud83d\udca1 <em data-start=\"1800\" data-end=\"1811\">Conseil<\/em> : retournez les b\u00e2tonnets chaque jour pour prolonger la dur\u00e9e et l&rsquo;intensit\u00e9 de la fragrance.<\/p>\n","protected":false},"excerpt":{"rendered":"<p data-start=\"428\" data-end=\"587\">Diffuseur d&rsquo;ambiance au parfum doux, \u00e9pic\u00e9 et intense aux notes de pomme et cannelle. Disponible en format 250 ml et 500 ml. Vegan, naturel et cruelty free.  <\/p>\n","protected":false},"featured_media":156783,"template":"","meta":{"_seopress_robots_primary_cat":"none","_seopress_titles_title":"Diffuseur Apple & Cinnamon MADA \u2013 250 ml ou 500 ml Naturel","_seopress_titles_desc":"Diffuseur MADA Essenza Apple & Cinnamon au parfum \u00e9pic\u00e9 et intense. Vegan, sans toxines. Disponible en 250 ml et 500 ml. Fabriqu\u00e9 en Suisse.","_seopress_robots_index":""},"product_brand":[],"product_cat":[4268,9467],"product_tag":[9603,9479,9606,9470,9469,9392,9468,9391,9422,9605,9604,9396,9397],"class_list":{"0":"post-156782","1":"product","2":"type-product","3":"status-publish","4":"has-post-thumbnail","6":"product_cat-bougies","7":"product_cat-diffuseurs","8":"product_tag-apple-cinnamon","9":"product_tag-cadeau-elegant","10":"product_tag-decoration-maison","11":"product_tag-diffuseur-ambiance","12":"product_tag-diffuseur-parfume","13":"product_tag-fabrique-en-suisse","14":"product_tag-home-fragrance","15":"product_tag-mada-essenza","16":"product_tag-parfum-epice","17":"product_tag-parfumeur-naturel","18":"product_tag-pomme-et-cannelle","19":"product_tag-sans-cruaute","20":"product_tag-vegan","22":"first","23":"instock","24":"shipping-taxable","25":"purchasable","26":"product-type-variable"},"jetpack_sharing_enabled":true,"_links":{"self":[{"href":"https:\/\/lighthouselocarno.ch\/fr\/wp-json\/wp\/v2\/product\/156782","targetHints":{"allow":["GET"]}}],"collection":[{"href":"https:\/\/lighthouselocarno.ch\/fr\/wp-json\/wp\/v2\/product"}],"about":[{"href":"https:\/\/lighthouselocarno.ch\/fr\/wp-json\/wp\/v2\/types\/product"}],"wp:featuredmedia":[{"embeddable":true,"href":"https:\/\/lighthouselocarno.ch\/fr\/wp-json\/wp\/v2\/media\/156783"}],"wp:attachment":[{"href":"https:\/\/lighthouselocarno.ch\/fr\/wp-json\/wp\/v2\/media?parent=156782"}],"wp:term":[{"taxonomy":"product_brand","embeddable":true,"href":"https:\/\/lighthouselocarno.ch\/fr\/wp-json\/wp\/v2\/product_brand?post=156782"},{"taxonomy":"product_cat","embeddable":true,"href":"https:\/\/lighthouselocarno.ch\/fr\/wp-json\/wp\/v2\/product_cat?post=156782"},{"taxonomy":"product_tag","embeddable":true,"href":"https:\/\/lighthouselocarno.ch\/fr\/wp-json\/wp\/v2\/product_tag?post=156782"}],"curies":[{"name":"wp","href":"https:\/\/api.w.org\/{rel}","templated":true}]}}