{"id":156792,"date":"2025-12-16T14:19:42","date_gmt":"2025-12-16T14:19:42","guid":{"rendered":"https:\/\/lighthouselocarno.ch\/prodotto\/spray-dambiance-apple-cinnamon-mada-essenza-100ml\/"},"modified":"2026-01-09T13:46:26","modified_gmt":"2026-01-09T13:46:26","slug":"spray-dambiance-apple-cinnamon-mada-essenza-100ml","status":"publish","type":"product","link":"https:\/\/lighthouselocarno.ch\/fr\/produit\/spray-dambiance-apple-cinnamon-mada-essenza-100ml\/","title":{"rendered":"Spray d&rsquo;Ambiance Apple &amp; Cinnamon \u2013 MADA Essenza | 100ml"},"content":{"rendered":"<div class=\"text-base my-auto mx-auto pb-10 [--thread-content-margin:--spacing(4)] @w-sm\/main:[--thread-content-margin:--spacing(6)] @w-lg\/main:[--thread-content-margin:--spacing(16)] px-(--thread-content-margin)\">\n<div class=\"[--thread-content-max-width:40rem] @w-lg\/main:[--thread-content-max-width:48rem] mx-auto max-w-(--thread-content-max-width) flex-1 group\/turn-messages focus-visible:outline-hidden relative flex w-full min-w-0 flex-col agent-turn\">\n<div class=\"flex max-w-full flex-col grow\">\n<div class=\"min-h-8 text-message relative flex w-full flex-col items-end gap-2 text-start break-words whitespace-normal [.text-message+&amp;]:mt-1\" dir=\"auto\" data-message-author-role=\"assistant\" data-message-id=\"2c82b718-2a2e-4368-9c77-178f82582db1\" data-message-model-slug=\"gpt-5-2\">\n<div class=\"flex w-full flex-col gap-1 empty:hidden first:pt-[1px]\">\n<div class=\"markdown prose dark:prose-invert w-full break-words dark markdown-new-styling\">\n<p data-start=\"629\" data-end=\"820\">Enveloppant, intense et affirm\u00e9 : le <strong data-start=\"662\" data-end=\"714\">Spray d&rsquo;Ambiance MADA Essenza Apple &amp; Cinnamon<\/strong> est parfait pour les amateurs de fragrances chaudes et \u00e9pic\u00e9es, capables de transformer l&rsquo;atmosph\u00e8re en quelques instants.<\/p>\n<p data-start=\"822\" data-end=\"1110\">La fragrance <strong data-start=\"838\" data-end=\"858\">Apple &amp; Cinnamon<\/strong> d\u00e9gage des notes douces et \u00e9pic\u00e9es qui \u00e9voquent le confort, la convivialit\u00e9 et la chaleur. Id\u00e9al pour parfumer rapidement les espaces domestiques, bureaux ou espaces professionnels, ce spray est con\u00e7u pour ceux qui d\u00e9sirent un parfum persistant mais \u00e9l\u00e9gant. <\/p>\n<p data-start=\"1112\" data-end=\"1240\">\u00c9labor\u00e9 avec des <strong data-start=\"1127\" data-end=\"1156\">fragrances de haute qualit\u00e9<\/strong>, le spray MADA Essenza est exempt de substances nocives et s\u00fbr pour un usage quotidien.<\/p>\n<h3 data-start=\"1242\" data-end=\"1261\">\ud83c\udf3f Parfum<\/h3>\n<ul data-start=\"1262\" data-end=\"1381\">\n<li data-start=\"1262\" data-end=\"1313\">\n<p data-start=\"1264\" data-end=\"1313\"><strong data-start=\"1264\" data-end=\"1281\">Notes de t\u00eate<\/strong> : Cannelle, Clou de girofle<\/p>\n<\/li>\n<li data-start=\"1314\" data-end=\"1341\">\n<p data-start=\"1316\" data-end=\"1341\"><strong data-start=\"1316\" data-end=\"1333\">Notes de c\u0153ur<\/strong> : Pomme<\/p>\n<\/li>\n<li data-start=\"1342\" data-end=\"1381\">\n<p data-start=\"1344\" data-end=\"1381\"><strong data-start=\"1344\" data-end=\"1361\">Notes de fond<\/strong> : Vanille, \u00c9pices<\/p>\n<\/li>\n<\/ul>\n<p data-start=\"1383\" data-end=\"1471\">Une fragrance intense et enveloppante, parfaite particuli\u00e8rement pour les mois d&rsquo;automne et d&rsquo;hiver.<\/p>\n<hr data-start=\"1473\" data-end=\"1476\">\n<h3 data-start=\"1478\" data-end=\"1516\">\ud83d\udd6f\ufe0f <strong data-start=\"1486\" data-end=\"1516\">Caract\u00e9ristiques principales<\/strong><\/h3>\n<ul data-start=\"1517\" data-end=\"1847\">\n<li data-start=\"1517\" data-end=\"1549\">\n<p data-start=\"1519\" data-end=\"1549\">Spray parfum\u00e9 d&rsquo;ambiance<\/p>\n<\/li>\n<li data-start=\"1550\" data-end=\"1601\">\n<p data-start=\"1552\" data-end=\"1601\">Fragrance <strong data-start=\"1562\" data-end=\"1582\">Apple &amp; Cinnamon<\/strong> douce et \u00e9pic\u00e9e<\/p>\n<\/li>\n<li data-start=\"1602\" data-end=\"1641\">\n<p data-start=\"1604\" data-end=\"1641\"><strong data-start=\"1604\" data-end=\"1621\">Format 100ml<\/strong> avec pulv\u00e9risateur<\/p>\n<\/li>\n<li data-start=\"1642\" data-end=\"1682\">\n<p data-start=\"1644\" data-end=\"1682\">Parfum imm\u00e9diat et persistant<\/p>\n<\/li>\n<li data-start=\"1683\" data-end=\"1736\">\n<p data-start=\"1685\" data-end=\"1736\">Id\u00e9al pour la maison, le bureau et les espaces professionnels<\/p>\n<\/li>\n<li data-start=\"1737\" data-end=\"1781\">\n<p data-start=\"1739\" data-end=\"1781\">Sans phtalates, toxines ou substances nocives<\/p>\n<\/li>\n<li data-start=\"1782\" data-end=\"1823\">\n<p data-start=\"1784\" data-end=\"1823\"><strong data-start=\"1784\" data-end=\"1802\">Vegan friendly<\/strong> &amp; <strong data-start=\"1805\" data-end=\"1821\">cruelty free<\/strong><\/p>\n<\/li>\n<li data-start=\"1824\" data-end=\"1847\">\n<p data-start=\"1826\" data-end=\"1847\">Fabriqu\u00e9 en Suisse<\/p>\n<\/li>\n<\/ul>\n<hr data-start=\"1849\" data-end=\"1852\">\n<h3 data-start=\"1854\" data-end=\"1879\">\ud83d\udcdd <strong data-start=\"1861\" data-end=\"1879\">Mode d&#8217;emploi<\/strong><\/h3>\n<p data-start=\"1880\" data-end=\"2039\">Vaporiser dans l&rsquo;air en \u00e9vitant les surfaces d\u00e9licates et les tissus. Utiliser selon les besoins pour rafra\u00eechir l&rsquo;air et cr\u00e9er une atmosph\u00e8re chaleureuse et accueillante. <\/p>\n<\/div>\n<\/div>\n<\/div>\n<\/div>\n<\/div>\n<\/div>\n","protected":false},"excerpt":{"rendered":"<p data-start=\"385\" data-end=\"572\">Spray parfum\u00e9 d&rsquo;ambiance au parfum doux, \u00e9pic\u00e9 et intense aux notes de pomme et cannelle. Formule naturelle, vegan et cruelty free. Id\u00e9al pour cr\u00e9er une atmosph\u00e8re chaleureuse et accueillante.  <\/p>\n","protected":false},"featured_media":156793,"template":"","meta":{"_seopress_robots_primary_cat":"none","_seopress_titles_title":"Spray Apple & Cinnamon MADA Essenza \u2013 Parfum \u00c9pic\u00e9","_seopress_titles_desc":"Spray d'ambiance MADA Essenza Apple & Cinnamon aux notes de pomme et cannelle. Doux, \u00e9pic\u00e9 et intense. Vegan, sans toxines, 100ml.  ","_seopress_robots_index":""},"product_brand":[],"product_cat":[4268,9502],"product_tag":[],"class_list":{"0":"post-156792","1":"product","2":"type-product","3":"status-publish","4":"has-post-thumbnail","6":"product_cat-bougies","7":"product_cat-spray","9":"first","10":"instock","11":"shipping-taxable","12":"purchasable","13":"product-type-simple"},"jetpack_sharing_enabled":true,"_links":{"self":[{"href":"https:\/\/lighthouselocarno.ch\/fr\/wp-json\/wp\/v2\/product\/156792","targetHints":{"allow":["GET"]}}],"collection":[{"href":"https:\/\/lighthouselocarno.ch\/fr\/wp-json\/wp\/v2\/product"}],"about":[{"href":"https:\/\/lighthouselocarno.ch\/fr\/wp-json\/wp\/v2\/types\/product"}],"wp:featuredmedia":[{"embeddable":true,"href":"https:\/\/lighthouselocarno.ch\/fr\/wp-json\/wp\/v2\/media\/156793"}],"wp:attachment":[{"href":"https:\/\/lighthouselocarno.ch\/fr\/wp-json\/wp\/v2\/media?parent=156792"}],"wp:term":[{"taxonomy":"product_brand","embeddable":true,"href":"https:\/\/lighthouselocarno.ch\/fr\/wp-json\/wp\/v2\/product_brand?post=156792"},{"taxonomy":"product_cat","embeddable":true,"href":"https:\/\/lighthouselocarno.ch\/fr\/wp-json\/wp\/v2\/product_cat?post=156792"},{"taxonomy":"product_tag","embeddable":true,"href":"https:\/\/lighthouselocarno.ch\/fr\/wp-json\/wp\/v2\/product_tag?post=156792"}],"curies":[{"name":"wp","href":"https:\/\/api.w.org\/{rel}","templated":true}]}}