{"id":157297,"date":"2026-03-23T07:39:30","date_gmt":"2026-03-23T07:39:30","guid":{"rendered":"https:\/\/lighthouselocarno.ch\/prodotto\/chemise-kimono-avec-ceinture-elba-eufonia-coton-elastique\/"},"modified":"2026-03-23T07:52:33","modified_gmt":"2026-03-23T07:52:33","slug":"chemise-kimono-avec-ceinture-elba-eufonia-coton-elastique","status":"publish","type":"product","link":"https:\/\/lighthouselocarno.ch\/fr\/produit\/chemise-kimono-avec-ceinture-elba-eufonia-coton-elastique\/","title":{"rendered":"Chemise Kimono avec Ceinture ELBA \u2013 EUfonia | Coton \u00c9lastique"},"content":{"rendered":"<h2 data-section-id=\"enznv7\" data-start=\"1220\" data-end=\"1279\">Chemise Kimono ELBA \u2013 Style naturel de la ligne EUfonia<\/h2>\n<p data-start=\"1281\" data-end=\"1677\">La <strong data-start=\"1284\" data-end=\"1327\">chemise kimono ELBA de la ligne EUFONIA<\/strong> repr\u00e9sente la rencontre parfaite entre confort, \u00e9l\u00e9gance et design contemporain. Pens\u00e9e pour les femmes qui aiment un style raffin\u00e9 mais naturel, cette chemise avec ceinture est r\u00e9alis\u00e9e dans un tissu de haute qualit\u00e9 compos\u00e9 de <strong data-start=\"1549\" data-end=\"1576\">97 % coton et 3 % \u00e9lasthanne<\/strong>, qui garantit douceur, respirabilit\u00e9 et un ajustement confortable tout au long de la journ\u00e9e. <\/p>\n<p data-start=\"1679\" data-end=\"1955\">La coupe kimono cr\u00e9e une ligne fluide et harmonieuse qui valorise la silhouette sans la contraindre. La ceinture \u00e0 la taille permet dadapter la pi\u00e8ce \u00e0 votre style : elle peut \u00eatre port\u00e9e plus ample pour un look casual chic ou serr\u00e9e pour souligner la silhouette avec \u00e9l\u00e9gance. <\/p>\n<p data-start=\"1957\" data-end=\"2173\">Gr\u00e2ce \u00e0 sa polyvalence, la chemise ELBA peut \u00eatre facilement associ\u00e9e \u00e0 des pantalons \u00e9l\u00e9gants, des jeans ou des jupes, devenant une pi\u00e8ce parfaite pour diverses occasions : du travail aux loisirs, jusquaux soir\u00e9es estivales.<\/p>\n<hr data-start=\"2175\" data-end=\"2178\">\n<h2 data-section-id=\"1bt37r3\" data-start=\"2180\" data-end=\"2223\">Mati\u00e8res naturelles et qualit\u00e9 des tissus<\/h2>\n<p data-start=\"2225\" data-end=\"2288\">Le tissu utilis\u00e9 pour la chemise kimono ELBA est compos\u00e9 de :<\/p>\n<ul data-start=\"2290\" data-end=\"2323\">\n<li data-section-id=\"1afe4kf\" data-start=\"2290\" data-end=\"2306\">\n<p data-start=\"2292\" data-end=\"2306\"><strong data-start=\"2292\" data-end=\"2306\">97 % coton<\/strong><\/p>\n<\/li>\n<li data-section-id=\"1j28q8u\" data-start=\"2307\" data-end=\"2323\">\n<p data-start=\"2309\" data-end=\"2323\"><strong data-start=\"2309\" data-end=\"2323\">3 % \u00e9lasthanne<\/strong><\/p>\n<\/li>\n<\/ul>\n<p data-start=\"2325\" data-end=\"2529\">Le coton garantit respirabilit\u00e9 et confort, tandis que l\u00e9lasthanne apporte \u00e9lasticit\u00e9 et libert\u00e9 de mouvement. Cela rend la pi\u00e8ce particuli\u00e8rement agr\u00e9able \u00e0 porter m\u00eame pendant les journ\u00e9es les plus dynamiques. <\/p>\n","protected":false},"excerpt":{"rendered":"<p data-start=\"480\" data-end=\"721\">Une \u00e9l\u00e9gance naturelle et des lignes fluides d\u00e9finissent la <strong data-start=\"529\" data-end=\"572\">chemise kimono ELBA de la ligne EUfonia<\/strong>. Confectionn\u00e9e en <strong data-start=\"588\" data-end=\"628\">coton extensible de haute qualit\u00e9<\/strong>, cette chemise \u00e0 ceinture sublime la silhouette avec un style raffin\u00e9 et contemporain. <\/p>\n<p data-start=\"723\" data-end=\"983\">Parfaite pour celles qui aiment les pices polyvalentes et fminines, elle peut tre porte aussi bien avec un pantalon lgant quavec un look plus dcontract. La coupe kimono apporte confort et mouvement, tandis que la ceinture permet dajuster la coupe et de crer un effet lgant et harmonieux. <\/p>\n<p data-start=\"985\" data-end=\"1188\">Disponible en plusieurs teintes sophistiqu\u00e9es, c\u2019est une pi\u00e8ce id\u00e9ale pour celles qui recherchent une <strong data-start=\"1061\" data-end=\"1112\">mode f\u00e9minine de qualit\u00e9 en lin et coton naturel<\/strong> dans le style unique du concept store <strong data-start=\"1149\" data-end=\"1187\">Light House Home  Life Philosophy<\/strong>.<\/p>\n","protected":false},"featured_media":157298,"template":"","meta":{"_seopress_robots_primary_cat":"none","_seopress_titles_title":"Chemise Kimono ELBA eufona  Chemise Femme lgante | Light House","_seopress_titles_desc":"Dcouvrez la chemise kimono ELBA de la ligne EUfonia. Coton extensible, ceinture rglable et style lgant pour un look fminin et naturel. ","_seopress_robots_index":""},"product_brand":[],"product_cat":[5856,3780,3766],"product_tag":[9794,9787,9786,9785,9790,9793,9788,9789,9792,9791],"class_list":{"0":"post-157297","1":"product","2":"type-product","3":"status-publish","4":"has-post-thumbnail","6":"product_cat-chemises","7":"product_cat-mode-femme","8":"product_cat-vetements","9":"product_tag-boutique-femme","10":"product_tag-chemise-coton-femme","11":"product_tag-chemise-femme-lgante","12":"product_tag-chemise-kimono-femme","13":"product_tag-chemises-lgantes-femme","14":"product_tag-eufonia-mode","15":"product_tag-mode-femme-lin","16":"product_tag-mode-femme-locarno","17":"product_tag-mode-femme-tessin","18":"product_tag-vtements-concept-store","19":"pa_colori-bleu","20":"pa_colori-cabernet","21":"pa_colori-espresso","22":"pa_colori-latte","23":"pa_colori-noir-eufonia","24":"pa_colori-spiga","25":"pa_colori-vanille","26":"pa_taglia-l-fr","27":"pa_taglia-m-fr","28":"pa_taglia-s-fr","29":"pa_taglia-xl-fr","30":"pa_taglia-xs-fr","32":"first","33":"instock","34":"shipping-taxable","35":"purchasable","36":"product-type-variable"},"jetpack_sharing_enabled":true,"_links":{"self":[{"href":"https:\/\/lighthouselocarno.ch\/fr\/wp-json\/wp\/v2\/product\/157297","targetHints":{"allow":["GET"]}}],"collection":[{"href":"https:\/\/lighthouselocarno.ch\/fr\/wp-json\/wp\/v2\/product"}],"about":[{"href":"https:\/\/lighthouselocarno.ch\/fr\/wp-json\/wp\/v2\/types\/product"}],"wp:featuredmedia":[{"embeddable":true,"href":"https:\/\/lighthouselocarno.ch\/fr\/wp-json\/wp\/v2\/media\/157298"}],"wp:attachment":[{"href":"https:\/\/lighthouselocarno.ch\/fr\/wp-json\/wp\/v2\/media?parent=157297"}],"wp:term":[{"taxonomy":"product_brand","embeddable":true,"href":"https:\/\/lighthouselocarno.ch\/fr\/wp-json\/wp\/v2\/product_brand?post=157297"},{"taxonomy":"product_cat","embeddable":true,"href":"https:\/\/lighthouselocarno.ch\/fr\/wp-json\/wp\/v2\/product_cat?post=157297"},{"taxonomy":"product_tag","embeddable":true,"href":"https:\/\/lighthouselocarno.ch\/fr\/wp-json\/wp\/v2\/product_tag?post=157297"}],"curies":[{"name":"wp","href":"https:\/\/api.w.org\/{rel}","templated":true}]}}