{"id":157655,"date":"2026-03-23T14:29:09","date_gmt":"2026-03-23T14:29:09","guid":{"rendered":"https:\/\/lighthouselocarno.ch\/prodotto\/pantalon-barrel-orfeo-eufonia-coton-naturel-elegant\/"},"modified":"2026-03-23T14:29:09","modified_gmt":"2026-03-23T14:29:09","slug":"pantalon-barrel-orfeo-eufonia-coton-naturel-elegant","status":"publish","type":"product","link":"https:\/\/lighthouselocarno.ch\/fr\/produit\/pantalon-barrel-orfeo-eufonia-coton-naturel-elegant\/","title":{"rendered":"Pantalon Barrel ORFEO \u2013 eu\u2022fo\u2022n\u00ec\u2022a | Coton Naturel \u00c9l\u00e9gant"},"content":{"rendered":"<h2 data-section-id=\"q5heof\" data-start=\"911\" data-end=\"989\">Pantalon Barrel ORFEO eu\u2022fo\u2022n\u00ec\u2022a \u2013 Le nouvel \u00e9quilibre entre confort et style<\/h2>\n<p data-start=\"991\" data-end=\"1131\">Le <strong data-start=\"994\" data-end=\"1043\">pantalon barrel ORFEO de la ligne eu\u2022fo\u2022n\u00ec\u2022a<\/strong> repr\u00e9sente l\u2019une des silhouettes les plus modernes et recherch\u00e9es du panorama de la mode f\u00e9minine.<\/p>\n<p data-start=\"1133\" data-end=\"1306\">S\u00e9lectionn\u00e9e par <strong data-start=\"1148\" data-end=\"1186\">Light House Home &amp; Life Philosophy<\/strong>, concept store au c\u0153ur de Locarno, cette pi\u00e8ce est con\u00e7ue pour offrir un style contemporain sans renoncer au confort.<\/p>\n<p data-start=\"1308\" data-end=\"1471\">La coupe barrel, caract\u00e9ris\u00e9e par une ligne l\u00e9g\u00e8rement arrondie sur la jambe, cr\u00e9e une forme souple et naturelle qui valorise la silhouette avec une \u00e9l\u00e9gance discr\u00e8te.<\/p>\n<hr data-start=\"1473\" data-end=\"1476\">\n<h2 data-section-id=\"fddjlw\" data-start=\"1478\" data-end=\"1526\">\ud83c\udf3f Exp\u00e9rience r\u00e9elle: pourquoi nous lavons choisi<\/h2>\n<p data-start=\"1528\" data-end=\"1613\">Dans notre concept store, nous choisissons des pi\u00e8ces qui fonctionnent vraiment au quotidien.<\/p>\n<p data-start=\"1615\" data-end=\"1661\">Le pantalon ORFEO a \u00e9t\u00e9 s\u00e9lectionn\u00e9 car il :<\/p>\n<ul data-start=\"1663\" data-end=\"1813\">\n<li data-section-id=\"1yzg3b4\" data-start=\"1663\" data-end=\"1712\">offre une <strong data-start=\"1675\" data-end=\"1712\">coupe confortable mais sophistiqu\u00e9e<\/strong><\/li>\n<li data-section-id=\"ii1yb\" data-start=\"1713\" data-end=\"1760\">suit les lignes du corps sans les contraindre<\/li>\n<li data-section-id=\"151aqe\" data-start=\"1761\" data-end=\"1813\">est parfait pour cr\u00e9er des looks \u00e9l\u00e9gants mais d\u00e9contract\u00e9s<\/li>\n<\/ul>\n<p data-start=\"1815\" data-end=\"1898\">Cest lune de ces pi\u00e8ces qui deviennent facilement une r\u00e9f\u00e9rence dans la garde-robe.<\/p>\n<hr data-start=\"1900\" data-end=\"1903\">\n<h2 data-section-id=\"w52f1u\" data-start=\"1905\" data-end=\"1947\">\u2728 La coupe barrel : moderne et polyvalente<\/h2>\n<p data-start=\"1949\" data-end=\"2014\">Le design barrel est aujourdhui lune des tendances les plus appr\u00e9ci\u00e9es car il :<\/p>\n<ul data-start=\"2016\" data-end=\"2114\">\n<li data-section-id=\"xu61oo\" data-start=\"2016\" data-end=\"2050\">donne du mouvement \u00e0 la silhouette<\/li>\n<li data-section-id=\"llea0n\" data-start=\"2051\" data-end=\"2081\">cr\u00e9e un look contemporain<\/li>\n<li data-section-id=\"re3kvb\" data-start=\"2082\" data-end=\"2114\">sadapte \u00e0 diff\u00e9rentes morphologies<\/li>\n<\/ul>\n<p data-start=\"2116\" data-end=\"2191\">Ce pantalon est id\u00e9al pour celles qui recherchent un style moderne mais sans exc\u00e8s.<\/p>\n<hr data-start=\"2193\" data-end=\"2196\">\n<h2 data-section-id=\"uny3fh\" data-start=\"2198\" data-end=\"2223\">\ud83e\uddf5 Mati\u00e8res et qualit\u00e9<\/h2>\n<p data-start=\"2225\" data-end=\"2260\">Le pantalon ORFEO est r\u00e9alis\u00e9 en :<\/p>\n<ul data-start=\"2262\" data-end=\"2295\">\n<li data-section-id=\"1afe4kf\" data-start=\"2262\" data-end=\"2278\"><strong data-start=\"2264\" data-end=\"2278\">97 % coton<\/strong><\/li>\n<li data-section-id=\"1j28q8u\" data-start=\"2279\" data-end=\"2295\"><strong data-start=\"2281\" data-end=\"2295\">3 % \u00e9lasthanne<\/strong><\/li>\n<\/ul>\n<p data-start=\"2297\" data-end=\"2328\">Cette composition garantit :<\/p>\n<p data-start=\"2330\" data-end=\"2398\">\u2714 confort et douceur<br data-start=\"2352\" data-end=\"2355\">\u2714 respirabilit\u00e9<br data-start=\"2371\" data-end=\"2374\">\u2714 libert\u00e9 de mouvement<\/p>\n<p data-start=\"2400\" data-end=\"2454\">Parfait pour un usage quotidien et pour toutes les saisons.<\/p>\n<hr data-start=\"2456\" data-end=\"2459\">\n<h2 data-section-id=\"geuw7m\" data-start=\"2461\" data-end=\"2501\">\ud83e\udd0d La couleur Lait : \u00e9l\u00e9gance naturelle<\/h2>\n<p data-start=\"2503\" data-end=\"2562\">La tonalit\u00e9 <strong data-start=\"2515\" data-end=\"2524\">Lait<\/strong> repr\u00e9sente la philosophie Light House :<\/p>\n<ul data-start=\"2564\" data-end=\"2606\">\n<li data-section-id=\"13k2vja\" data-start=\"2564\" data-end=\"2576\">lumineuse<\/li>\n<li data-section-id=\"199g9pk\" data-start=\"2577\" data-end=\"2590\">raffin\u00e9e<\/li>\n<li data-section-id=\"4dim14\" data-start=\"2591\" data-end=\"2606\">intemporelle<\/li>\n<\/ul>\n<p data-start=\"2608\" data-end=\"2668\">Une couleur facile \u00e0 assortir qui valorise toutes les tenues.<\/p>\n<hr data-start=\"2670\" data-end=\"2673\">\n<h2 data-section-id=\"7k8tel\" data-start=\"2675\" data-end=\"2695\">\ud83d\udc57 Comment lassortir<\/h2>\n<p data-start=\"2697\" data-end=\"2728\">Dans notre boutique, nous le proposons:<\/p>\n<ul data-start=\"2730\" data-end=\"2841\">\n<li data-section-id=\"cd0hao\" data-start=\"2730\" data-end=\"2774\">avec top en coton ou lin \u2192 look naturel<\/li>\n<li data-section-id=\"1igi79v\" data-start=\"2775\" data-end=\"2808\">avec chemises fluides \u2192 \u00e9l\u00e9gant<\/li>\n<li data-section-id=\"x17rln\" data-start=\"2809\" data-end=\"2841\">avec blazer l\u00e9ger \u2192 moderne<\/li>\n<\/ul>\n<p data-start=\"2843\" data-end=\"2899\">Parfait aussi bien pour le jour que pour des occasions plus soign\u00e9es.<\/p>\n<hr data-start=\"2901\" data-end=\"2904\">\n<h2 data-section-id=\"1m86aeo\" data-start=\"2906\" data-end=\"2923\">\ud83d\udccf Coupe<\/h2>\n<p data-start=\"2925\" data-end=\"3026\">Taille : <strong data-start=\"2933\" data-end=\"2942\">Unique<\/strong><br data-start=\"2942\" data-end=\"2945\">La coupe barrel et le tissu \u00e9lastique permettent une coupe polyvalente.<\/p>\n<hr data-start=\"3028\" data-end=\"3031\">\n<h2 data-section-id=\"5i9nh0\" data-start=\"3033\" data-end=\"3084\">\ud83c\udfe1 S\u00e9lection Light House \u2013 Concept Store Locarno<\/h2>\n<p data-start=\"3086\" data-end=\"3206\">Ce pantalon fait partie de la s\u00e9lection mode femme de <strong data-start=\"3142\" data-end=\"3180\">Light House Home  Life Philosophy<\/strong>, concept store \u00e0 Locarno.<\/p>\n<p data-start=\"3208\" data-end=\"3274\">Chaque pi\u00e8ce est choisie pour offrir un style authentique, bas\u00e9 sur :<\/p>\n<ul data-start=\"3276\" data-end=\"3322\">\n<li data-section-id=\"1xmanek\" data-start=\"3276\" data-end=\"3287\">la qualit\u00e9<\/li>\n<li data-section-id=\"1e4kp27\" data-start=\"3288\" data-end=\"3299\">lharmonie<\/li>\n<li data-section-id=\"1mp8o42\" data-start=\"3300\" data-end=\"3322\">les mati\u00e8res naturelles<\/li>\n<\/ul>\n<p data-start=\"3324\" data-end=\"3393\">Nous ne vendons pas seulement des v\u00eatements, mais <strong data-start=\"3360\" data-end=\"3392\">une id\u00e9e de style d\u00e9j\u00e0 pens\u00e9e<\/strong>.<\/p>\n<hr data-start=\"3395\" data-end=\"3398\">\n<h1 data-section-id=\"17qc5f9\" data-start=\"3400\" data-end=\"3424\">\ud83d\udcca Sp\u00e9cifications produit<\/h1>\n<p data-start=\"3426\" data-end=\"3568\">Marque : eu\u2022fo\u2022n\u00ec\u2022a<br data-start=\"3443\" data-end=\"3446\">Mod\u00e8le : ORFEO<br data-start=\"3460\" data-end=\"3463\">Cat\u00e9gorie : Pantalons<br data-start=\"3483\" data-end=\"3486\">Tissu : 97 % coton \u2013 3 % \u00e9lasthanne<br data-start=\"3518\" data-end=\"3521\">Coupe : Taille unique<br data-start=\"3546\" data-end=\"3549\">Style : Barrel fit<\/p>\n","protected":false},"excerpt":{"rendered":"<p data-start=\"482\" data-end=\"663\">Le <strong data-start=\"485\" data-end=\"534\">pantalon barrel ORFEO de la ligne eu\u2022fo\u2022n\u00ec\u2022a<\/strong>, s\u00e9lectionn\u00e9 par <strong data-start=\"551\" data-end=\"599\">Light House Home  Life Philosophy \u00e0 Locarno<\/strong>, interpr\u00e8te l\u2019une des coupes les plus actuelles de la mode contemporaine.<\/p>\n<p data-start=\"665\" data-end=\"874\">R\u00e9alis\u00e9 en <strong data-start=\"679\" data-end=\"712\">coton naturel \u00e9lastique<\/strong>, il combine confort et style gr\u00e2ce \u00e0 sa silhouette souple et l\u00e9g\u00e8rement arrondie. Une pi\u00e8ce essentielle, pens\u00e9e pour celles qui aiment une \u00e9l\u00e9gance d\u00e9contract\u00e9e et authentique. <\/p>\n","protected":false},"featured_media":157656,"template":"","meta":{"_seopress_robots_primary_cat":"none","_seopress_titles_title":"Pantalon Barrel Femme ORFEO eu\u2022fo\u2022n\u00ec\u2022a \u2013 \u00c9l\u00e9gant et Naturel","_seopress_titles_desc":"D\u00e9couvrez le pantalon barrel ORFEO eu\u2022fo\u2022n\u00ec\u2022a. Coton naturel, coupe moderne et style \u00e9l\u00e9gant s\u00e9lectionn\u00e9 par Light House Locarno. ","_seopress_robots_index":""},"product_brand":[],"product_cat":[3780,4255,3766],"product_tag":[9794,9852,9793,9789,9848,9853,9850,9849,9851,8959],"class_list":{"0":"post-157655","1":"product","2":"type-product","3":"status-publish","4":"has-post-thumbnail","6":"product_cat-mode-femme","7":"product_cat-pantalon","8":"product_cat-vetements","9":"product_tag-boutique-femme","10":"product_tag-concept-store-mode","11":"product_tag-eufonia-mode","12":"product_tag-mode-femme-locarno","13":"product_tag-pantalon-barrel-femme","14":"product_tag-pantalons-chic-femme","15":"product_tag-pantalons-coton-femme","16":"product_tag-pantalons-femme-elegants","17":"product_tag-pantalons-modernes-femme","18":"product_tag-vetements-naturels-pour-femmes","19":"pa_colori-bleu","20":"pa_colori-cabernet","21":"pa_colori-corail","22":"pa_colori-espresso","23":"pa_colori-iceberg","24":"pa_colori-latte","25":"pa_colori-noir-eufonia","26":"pa_taglia-l-fr","27":"pa_taglia-m-fr","28":"pa_taglia-s-fr","29":"pa_taglia-xl-fr","30":"pa_taglia-xs-fr","32":"first","33":"instock","34":"shipping-taxable","35":"purchasable","36":"product-type-variable"},"jetpack_sharing_enabled":true,"_links":{"self":[{"href":"https:\/\/lighthouselocarno.ch\/fr\/wp-json\/wp\/v2\/product\/157655","targetHints":{"allow":["GET"]}}],"collection":[{"href":"https:\/\/lighthouselocarno.ch\/fr\/wp-json\/wp\/v2\/product"}],"about":[{"href":"https:\/\/lighthouselocarno.ch\/fr\/wp-json\/wp\/v2\/types\/product"}],"wp:featuredmedia":[{"embeddable":true,"href":"https:\/\/lighthouselocarno.ch\/fr\/wp-json\/wp\/v2\/media\/157656"}],"wp:attachment":[{"href":"https:\/\/lighthouselocarno.ch\/fr\/wp-json\/wp\/v2\/media?parent=157655"}],"wp:term":[{"taxonomy":"product_brand","embeddable":true,"href":"https:\/\/lighthouselocarno.ch\/fr\/wp-json\/wp\/v2\/product_brand?post=157655"},{"taxonomy":"product_cat","embeddable":true,"href":"https:\/\/lighthouselocarno.ch\/fr\/wp-json\/wp\/v2\/product_cat?post=157655"},{"taxonomy":"product_tag","embeddable":true,"href":"https:\/\/lighthouselocarno.ch\/fr\/wp-json\/wp\/v2\/product_tag?post=157655"}],"curies":[{"name":"wp","href":"https:\/\/api.w.org\/{rel}","templated":true}]}}