{"id":157818,"date":"2026-03-23T14:44:52","date_gmt":"2026-03-23T14:44:52","guid":{"rendered":"https:\/\/lighthouselocarno.ch\/prodotto\/top-en-popeline-avec-ruban-gros-grain-tilos-eufonia-coton-naturel\/"},"modified":"2026-03-26T07:17:38","modified_gmt":"2026-03-26T07:17:38","slug":"top-en-popeline-avec-ruban-gros-grain-tilos-eufonia-coton-naturel","status":"publish","type":"product","link":"https:\/\/lighthouselocarno.ch\/fr\/produit\/top-en-popeline-avec-ruban-gros-grain-tilos-eufonia-coton-naturel\/","title":{"rendered":"Top en popeline avec ruban gros-grain TILOS \u2013 eu\u2022fo\u2022n\u00ec\u2022a | Coton naturel"},"content":{"rendered":"<h3 data-section-id=\"13y069x\" data-start=\"912\" data-end=\"973\">Top TILOS eu\u2022fo\u2022n\u00ec\u2022a \u2013 Essentiel et d\u00e9tail tailleur<\/h3>\n<p data-start=\"975\" data-end=\"1105\">Le <strong data-start=\"978\" data-end=\"1048\">top en popeline avec ruban en gros-grain TILOS de la ligne eu\u2022fo\u2022n\u00ec\u2022a<\/strong> est une pi\u00e8ce qui exprime l\u2019\u00e9l\u00e9gance \u00e0 travers la simplicit\u00e9.<\/p>\n<p data-start=\"1107\" data-end=\"1280\">S\u00e9lectionn\u00e9 par <strong data-start=\"1122\" data-end=\"1160\">Light House Home &amp; Life Philosophy<\/strong>, concept store au c\u0153ur de Locarno, il repr\u00e9sente un choix id\u00e9al pour celles qui recherchent un style \u00e9pur\u00e9, moderne et raffin\u00e9.<\/p>\n<p data-start=\"1282\" data-end=\"1442\">Le design minimaliste est enrichi par un \u00e9l\u00e9ment distinctif&nbsp;: le <strong data-start=\"1343\" data-end=\"1367\">ruban en gros-grain<\/strong>, qui introduit un contraste de mati\u00e8res raffin\u00e9 et donne de la personnalit\u00e9 \u00e0 la pi\u00e8ce.<\/p>\n<hr data-start=\"1444\" data-end=\"1447\">\n<h3 data-section-id=\"fddjlw\" data-start=\"1449\" data-end=\"1497\">\ud83c\udf3f Exp\u00e9rience r\u00e9elle: pourquoi nous lavons choisi<\/h3>\n<p data-start=\"1499\" data-end=\"1579\">Dans notre concept store, nous privil\u00e9gions des pi\u00e8ces qui allient esth\u00e9tique et fonctionnalit\u00e9.<\/p>\n<p data-start=\"1581\" data-end=\"1616\">Le top TILOS a \u00e9t\u00e9 choisi car:<\/p>\n<ul data-start=\"1618\" data-end=\"1744\">\n<li data-section-id=\"17i6e9a\" data-start=\"1618\" data-end=\"1656\">il est <strong data-start=\"1622\" data-end=\"1656\">facile \u00e0 porter et \u00e0 assortir<\/strong><\/li>\n<li data-section-id=\"14wpkpc\" data-start=\"1657\" data-end=\"1690\">il conserve une \u00e9l\u00e9gance naturelle<\/li>\n<li data-section-id=\"1mwz0l6\" data-start=\"1691\" data-end=\"1744\">il poss\u00e8de un d\u00e9tail distinctif sans \u00eatre excessif<\/li>\n<\/ul>\n<p data-start=\"1746\" data-end=\"1820\">Cest une pi\u00e8ce qui convient aussi bien au quotidien quaux occasions plus habill\u00e9es.<\/p>\n<hr data-start=\"1822\" data-end=\"1825\">\n<h3 data-section-id=\"5l3yk8\" data-start=\"1827\" data-end=\"1875\">\ud83e\uddf5 Popeline de coton: l\u00e9g\u00e8ret\u00e9 et structure<\/h3>\n<p data-start=\"1877\" data-end=\"1911\">Le tissu en popeline garantit:<\/p>\n<ul data-start=\"1913\" data-end=\"2016\">\n<li data-section-id=\"1eayy6l\" data-start=\"1913\" data-end=\"1951\">une texture l\u00e9g\u00e8re mais structur\u00e9e<\/li>\n<li data-section-id=\"8zokyo\" data-start=\"1952\" data-end=\"1978\">une coupe impeccable<\/li>\n<li data-section-id=\"1abrvtk\" data-start=\"1979\" data-end=\"2016\">une sensation de fra\u00eecheur sur la peau<\/li>\n<\/ul>\n<p data-start=\"2018\" data-end=\"2031\">Composition:<\/p>\n<ul data-start=\"2033\" data-end=\"2066\">\n<li data-section-id=\"1afe4kf\" data-start=\"2033\" data-end=\"2049\"><strong data-start=\"2035\" data-end=\"2049\">97 % coton<\/strong><\/li>\n<li data-section-id=\"1j28q8u\" data-start=\"2050\" data-end=\"2066\"><strong data-start=\"2052\" data-end=\"2066\">3 % \u00e9lasthanne<\/strong><\/li>\n<\/ul>\n<p data-start=\"2068\" data-end=\"2129\">Une combinaison qui assure confort et libert\u00e9 de mouvement.<\/p>\n<hr data-start=\"2131\" data-end=\"2134\">\n<h3 data-section-id=\"14yexxu\" data-start=\"2136\" data-end=\"2164\">\u2728 Le d\u00e9tail gros-grain<\/h3>\n<p data-start=\"2166\" data-end=\"2245\">Le ruban en <strong data-start=\"2179\" data-end=\"2193\">gros-grain<\/strong> est un \u00e9l\u00e9ment distinctif d\u2019inspiration tailleur&nbsp;:<\/p>\n<ul data-start=\"2247\" data-end=\"2357\">\n<li data-section-id=\"1i9qu3m\" data-start=\"2247\" data-end=\"2282\">il ajoute de la profondeur et du contraste<\/li>\n<li data-section-id=\"1luoe6q\" data-start=\"2283\" data-end=\"2314\">il valorise le design minimaliste<\/li>\n<li data-section-id=\"1y51xt1\" data-start=\"2315\" data-end=\"2357\">il apporte une touche \u00e9l\u00e9gante et contemporaine<\/li>\n<\/ul>\n<p data-start=\"2359\" data-end=\"2408\">Un d\u00e9tail discret mais hautement reconnaissable.<\/p>\n<hr data-start=\"2410\" data-end=\"2413\">\n<h3 data-section-id=\"26pt9w\" data-start=\"2415\" data-end=\"2459\">\ud83e\udd0d Couleur Lait: luminosit\u00e9 et polyvalence<\/h3>\n<p data-start=\"2461\" data-end=\"2517\">La teinte <strong data-start=\"2473\" data-end=\"2482\">Lait<\/strong> refl\u00e8te la philosophie Light House&nbsp;:<\/p>\n<ul data-start=\"2519\" data-end=\"2558\">\n<li data-section-id=\"1yhyo8s\" data-start=\"2519\" data-end=\"2531\">naturel<\/li>\n<li data-section-id=\"13k2vja\" data-start=\"2532\" data-end=\"2544\">lumineuse<\/li>\n<li data-section-id=\"199g9pk\" data-start=\"2545\" data-end=\"2558\">raffin\u00e9e<\/li>\n<\/ul>\n<p data-start=\"2560\" data-end=\"2609\">Parfaite pour cr\u00e9er des tenues \u00e9l\u00e9gantes sans effort.<\/p>\n<hr data-start=\"2611\" data-end=\"2614\">\n<h3 data-section-id=\"7k8tel\" data-start=\"2616\" data-end=\"2636\">\ud83d\udc57 Comment lassortir<\/h3>\n<p data-start=\"2638\" data-end=\"2669\">Dans notre boutique, nous le proposons:<\/p>\n<ul data-start=\"2671\" data-end=\"2784\">\n<li data-section-id=\"1fte6i3\" data-start=\"2671\" data-end=\"2710\">avec un pantalon barrel \u2192 look moderne<\/li>\n<li data-section-id=\"1cfkoca\" data-start=\"2711\" data-end=\"2751\">avec du lin naturel \u2192 style essentiel<\/li>\n<li data-section-id=\"g0z9om\" data-start=\"2752\" data-end=\"2784\">avec une jupe fluide \u2192 f\u00e9minin<\/li>\n<\/ul>\n<p data-start=\"2786\" data-end=\"2851\">Une pi\u00e8ce polyvalente qui sadapte aux diff\u00e9rents moments de la journ\u00e9e.<\/p>\n<hr data-start=\"2853\" data-end=\"2856\">\n<h3 data-section-id=\"1m86aeo\" data-start=\"2858\" data-end=\"2875\">\ud83d\udccf Coupe<\/h3>\n<p data-start=\"2877\" data-end=\"2986\">Taille&nbsp;: <strong data-start=\"2885\" data-end=\"2894\">Unique<\/strong><br data-start=\"2894\" data-end=\"2897\">La coupe \u00e9pur\u00e9e et le tissu extensible permettent un ajustement confortable et naturel.<\/p>\n<hr data-start=\"2988\" data-end=\"2991\">\n<h4 data-section-id=\"5i9nh0\" data-start=\"2993\" data-end=\"3044\">\ud83c\udfe1 S\u00e9lection Light House \u2013 Concept Store Locarno<\/h4>\n<p data-start=\"3046\" data-end=\"3160\">Ce top fait partie de la s\u00e9lection mode femme de <strong data-start=\"3096\" data-end=\"3134\">Light House Home  Life Philosophy<\/strong>, concept store \u00e0 Locarno.<\/p>\n<p data-start=\"3162\" data-end=\"3197\">Chaque pi\u00e8ce est choisie pour offrir:<\/p>\n<ul data-start=\"3199\" data-end=\"3242\">\n<li data-section-id=\"1xmanek\" data-start=\"3199\" data-end=\"3210\">la qualit\u00e9<\/li>\n<li data-section-id=\"1e4kp27\" data-start=\"3211\" data-end=\"3222\">lharmonie<\/li>\n<li data-section-id=\"1nivppx\" data-start=\"3223\" data-end=\"3242\">un style authentique<\/li>\n<\/ul>\n<p data-start=\"3244\" data-end=\"3310\">Il ne sagit pas seulement de mode, mais dune vision compl\u00e8te de lart de vivre.<\/p>\n<hr data-start=\"3312\" data-end=\"3315\">\n<h4 data-section-id=\"17qc5f9\" data-start=\"3317\" data-end=\"3341\">\ud83d\udcca Sp\u00e9cifications produit<\/h4>\n<p data-start=\"3343\" data-end=\"3525\">Marque: eu\u2022fo\u2022n\u00ec\u2022a<br data-start=\"3360\" data-end=\"3363\">Mod\u00e8le: TILOS<br data-start=\"3377\" data-end=\"3380\">Cat\u00e9gorie: T-shirts  Tops<br data-start=\"3404\" data-end=\"3407\">Tissu: 97% coton \u2013 3% \u00e9lasthanne<br data-start=\"3439\" data-end=\"3442\">Mati\u00e8re: Popeline<br data-start=\"3461\" data-end=\"3464\">D\u00e9tail: Ruban en gros-grain<br data-start=\"3495\" data-end=\"3498\">Coupe: Taille unique<\/p>\n","protected":false},"excerpt":{"rendered":"<p data-start=\"496\" data-end=\"642\">Le <strong data-start=\"499\" data-end=\"535\">top TILOS de la ligne eu\u2022fo\u2022n\u00ec\u2022a<\/strong>, s\u00e9lectionn\u00e9 par <strong data-start=\"552\" data-end=\"600\">Light House Home  Life Philosophy \u00e0 Locarno<\/strong>, allie minimalisme et d\u00e9tails raffin\u00e9s.<\/p>\n<p data-start=\"644\" data-end=\"806\">R\u00e9alis\u00e9 en <strong data-start=\"658\" data-end=\"694\">popeline de coton extensible<\/strong>, il est agr\u00e9ment\u00e9 d\u2019un \u00e9l\u00e9gant <strong data-start=\"726\" data-end=\"750\">ruban en gros-grain<\/strong>, qui apporte caract\u00e8re et f\u00e9minit\u00e9 \u00e0 cette pi\u00e8ce essentielle.<\/p>\n<p data-start=\"808\" data-end=\"875\">Parfait pour celles qui aiment un style naturel, raffin\u00e9 et contemporain.<\/p>\n","protected":false},"featured_media":157819,"template":"","meta":{"_seopress_robots_primary_cat":"","_seopress_titles_title":"Top en popeline TILOS eu\u2022fo\u2022n\u00ec\u2022a \u2013 Top femme \u00e9l\u00e9gant en coton","_seopress_titles_desc":"Top TILOS eu\u2022fo\u2022n\u00ec\u2022a en popeline avec ruban gros-grain. \u00c9l\u00e9gant, naturel et s\u00e9lectionn\u00e9 par Light House Locarno. ","_seopress_robots_index":""},"product_brand":[],"product_cat":[5666,3780,3766],"product_tag":[9794,9852,8925,9871,9789,9870,9869,9816,9868,8959],"class_list":{"0":"post-157818","1":"product","2":"type-product","3":"status-publish","4":"has-post-thumbnail","6":"product_cat-hauts-et-gilets","7":"product_cat-mode-femme","8":"product_cat-vetements","9":"product_tag-boutique-femme","10":"product_tag-concept-store-mode","11":"product_tag-elegant-haut-dete","12":"product_tag-eufonia-vetements","13":"product_tag-mode-femme-locarno","14":"product_tag-top-avec-detail-gros-grain","15":"product_tag-top-elegant-coton","16":"product_tag-top-minimal-chic","17":"product_tag-top-popeline-femme","18":"product_tag-vetements-naturels-pour-femmes","19":"pa_colori-bleu","20":"pa_colori-cabernet","21":"pa_colori-corail","22":"pa_colori-espresso","23":"pa_colori-iceberg","24":"pa_colori-latte","25":"pa_colori-noir-eufonia","26":"pa_taglia-l-fr","27":"pa_taglia-m-fr","28":"pa_taglia-s-fr","29":"pa_taglia-xl-fr","30":"pa_taglia-xs-fr","32":"first","33":"instock","34":"shipping-taxable","35":"purchasable","36":"product-type-variable"},"jetpack_sharing_enabled":true,"_links":{"self":[{"href":"https:\/\/lighthouselocarno.ch\/fr\/wp-json\/wp\/v2\/product\/157818","targetHints":{"allow":["GET"]}}],"collection":[{"href":"https:\/\/lighthouselocarno.ch\/fr\/wp-json\/wp\/v2\/product"}],"about":[{"href":"https:\/\/lighthouselocarno.ch\/fr\/wp-json\/wp\/v2\/types\/product"}],"wp:featuredmedia":[{"embeddable":true,"href":"https:\/\/lighthouselocarno.ch\/fr\/wp-json\/wp\/v2\/media\/157819"}],"wp:attachment":[{"href":"https:\/\/lighthouselocarno.ch\/fr\/wp-json\/wp\/v2\/media?parent=157818"}],"wp:term":[{"taxonomy":"product_brand","embeddable":true,"href":"https:\/\/lighthouselocarno.ch\/fr\/wp-json\/wp\/v2\/product_brand?post=157818"},{"taxonomy":"product_cat","embeddable":true,"href":"https:\/\/lighthouselocarno.ch\/fr\/wp-json\/wp\/v2\/product_cat?post=157818"},{"taxonomy":"product_tag","embeddable":true,"href":"https:\/\/lighthouselocarno.ch\/fr\/wp-json\/wp\/v2\/product_tag?post=157818"}],"curies":[{"name":"wp","href":"https:\/\/api.w.org\/{rel}","templated":true}]}}